{"id":826,"date":"2022-01-31T18:04:35","date_gmt":"2022-01-31T17:04:35","guid":{"rendered":"https:\/\/sjomagasinet.se.hemsida.eu\/?page_id=826"},"modified":"2022-04-26T11:49:47","modified_gmt":"2022-04-26T09:49:47","slug":"batplatser","status":"publish","type":"page","link":"https:\/\/sjomagasinet.se\/en\/batplatser\/","title":{"rendered":"Moorings"},"content":{"rendered":"<div data-elementor-type=\"wp-page\" data-elementor-id=\"826\" class=\"elementor elementor-826\" data-elementor-post-type=\"page\">\n\t\t\t\t\t\t<section class=\"elementor-section elementor-top-section elementor-element elementor-element-3934292b elementor-section-content-middle elementor-reverse-mobile elementor-section-boxed elementor-section-height-default elementor-section-height-default\" data-id=\"3934292b\" data-element_type=\"section\" data-e-type=\"section\" data-settings=\"{&quot;background_background&quot;:&quot;classic&quot;}\">\n\t\t\t\t\t\t<div class=\"elementor-container elementor-column-gap-default\">\n\t\t\t\t\t<div class=\"elementor-column elementor-col-100 elementor-top-column elementor-element elementor-element-2b3e345 elementor-sm-100\" data-id=\"2b3e345\" data-element_type=\"column\" data-e-type=\"column\" data-settings=\"{&quot;background_background&quot;:&quot;classic&quot;}\">\n\t\t\t<div class=\"elementor-widget-wrap elementor-element-populated\">\n\t\t\t\t\t\t<section class=\"elementor-section elementor-inner-section elementor-element elementor-element-7126eb16 elementor-section-boxed elementor-section-height-default elementor-section-height-default\" data-id=\"7126eb16\" data-element_type=\"section\" data-e-type=\"section\">\n\t\t\t\t\t\t<div class=\"elementor-container elementor-column-gap-default\">\n\t\t\t\t\t<div class=\"elementor-column elementor-col-100 elementor-inner-column elementor-element elementor-element-a3104d7\" data-id=\"a3104d7\" data-element_type=\"column\" data-e-type=\"column\">\n\t\t\t<div class=\"elementor-widget-wrap elementor-element-populated\">\n\t\t\t\t\t\t<div class=\"elementor-element elementor-element-4cfe8ff1 elementor-widget elementor-widget-image\" data-id=\"4cfe8ff1\" data-element_type=\"widget\" data-e-type=\"widget\" data-widget_type=\"image.default\">\n\t\t\t\t<div class=\"elementor-widget-container\">\n\t\t\t\t\t\t\t\t\t\t\t\t\t\t\t<img fetchpriority=\"high\" decoding=\"async\" width=\"800\" height=\"800\" src=\"https:\/\/sjomagasinet.se\/wp-content\/uploads\/2022\/01\/188063344_4120463327992258_7289316894716916705_n.jpeg\" class=\"attachment-large size-large wp-image-588\" alt=\"\" srcset=\"https:\/\/sjomagasinet.se\/wp-content\/uploads\/2022\/01\/188063344_4120463327992258_7289316894716916705_n.jpeg 960w, https:\/\/sjomagasinet.se\/wp-content\/uploads\/2022\/01\/188063344_4120463327992258_7289316894716916705_n-300x300.jpeg 300w, https:\/\/sjomagasinet.se\/wp-content\/uploads\/2022\/01\/188063344_4120463327992258_7289316894716916705_n-100x100.jpeg 100w, https:\/\/sjomagasinet.se\/wp-content\/uploads\/2022\/01\/188063344_4120463327992258_7289316894716916705_n-600x600.jpeg 600w, https:\/\/sjomagasinet.se\/wp-content\/uploads\/2022\/01\/188063344_4120463327992258_7289316894716916705_n-150x150.jpeg 150w, https:\/\/sjomagasinet.se\/wp-content\/uploads\/2022\/01\/188063344_4120463327992258_7289316894716916705_n-768x768.jpeg 768w\" sizes=\"(max-width: 800px) 100vw, 800px\" \/>\t\t\t\t\t\t\t\t\t\t\t\t\t\t\t<\/div>\n\t\t\t\t<\/div>\n\t\t\t\t\t<\/div>\n\t\t<\/div>\n\t\t\t\t\t<\/div>\n\t\t<\/section>\n\t\t\t\t<section class=\"elementor-section elementor-inner-section elementor-element elementor-element-8ad6d9a elementor-section-boxed elementor-section-height-default elementor-section-height-default\" data-id=\"8ad6d9a\" data-element_type=\"section\" data-e-type=\"section\">\n\t\t\t\t\t\t<div class=\"elementor-container elementor-column-gap-default\">\n\t\t\t\t\t<div class=\"elementor-column elementor-col-100 elementor-inner-column elementor-element elementor-element-6dd040a7\" data-id=\"6dd040a7\" data-element_type=\"column\" data-e-type=\"column\">\n\t\t\t<div class=\"elementor-widget-wrap elementor-element-populated\">\n\t\t\t\t\t\t<div class=\"elementor-element elementor-element-71eea5a5 elementor-widget elementor-widget-heading\" data-id=\"71eea5a5\" data-element_type=\"widget\" data-e-type=\"widget\" data-widget_type=\"heading.default\">\n\t\t\t\t<div class=\"elementor-widget-container\">\n\t\t\t\t\t<h1 class=\"elementor-heading-title elementor-size-default\">B\u00e5tplatser p\u00e5 Sj\u00f6magasinet<\/h1>\t\t\t\t<\/div>\n\t\t\t\t<\/div>\n\t\t\t\t<div class=\"elementor-element elementor-element-5c613198 elementor-widget-divider--view-line elementor-widget elementor-widget-divider\" data-id=\"5c613198\" data-element_type=\"widget\" data-e-type=\"widget\" data-widget_type=\"divider.default\">\n\t\t\t\t<div class=\"elementor-widget-container\">\n\t\t\t\t\t\t\t<div class=\"elementor-divider\">\n\t\t\t<span class=\"elementor-divider-separator\">\n\t\t\t\t\t\t<\/span>\n\t\t<\/div>\n\t\t\t\t\t\t<\/div>\n\t\t\t\t<\/div>\n\t\t\t\t<div class=\"elementor-element elementor-element-107ff510 elementor-widget elementor-widget-text-editor\" data-id=\"107ff510\" data-element_type=\"widget\" data-e-type=\"widget\" data-widget_type=\"text-editor.default\">\n\t\t\t\t<div class=\"elementor-widget-container\">\n\t\t\t\t\t\t\t\t\t<p><span style=\"color: #000000;\">Sj\u00f6magasinet erbjuder exklusivt 4 b\u00e5tplatser till de av v\u00e5ra g\u00e4ster som v\u00e4ljer att komma \u00f6ver havet.<\/span><\/p><p><span style=\"color: #000000;\">Platserna \u00e4r bel\u00e4gna vid restaurangens \u00f6stra gavel och d\u00e4r finns \u00e4ven m\u00f6jlighet att nyttja v\u00e5r lilla uteservering helt privat f\u00f6r cocktails, lunch eller middag. Bokning \u00e4r inte m\u00f6jlig av dessa platser och inte heller el eller vattenanslutning. F\u00f6r ytterligare info kontakta oss g\u00e4rna p\u00e5 <u><a style=\"color: #000000;\" href=\"mailto:info@sjomagasinet.se\">info@sjomagasinet.se<\/a><\/u>.<\/span><\/p>\t\t\t\t\t\t\t\t<\/div>\n\t\t\t\t<\/div>\n\t\t\t\t\t<\/div>\n\t\t<\/div>\n\t\t\t\t\t<\/div>\n\t\t<\/section>\n\t\t\t\t\t<\/div>\n\t\t<\/div>\n\t\t\t\t\t<\/div>\n\t\t<\/section>\n\t\t\t\t<\/div>","protected":false},"excerpt":{"rendered":"<p>B\u00e5tplatser p\u00e5 Sj\u00f6magasinet Sj\u00f6magasinet erbjuder exklusivt 4 b\u00e5tplatser till de av v\u00e5ra g\u00e4ster som v\u00e4ljer att komma \u00f6ver havet. Platserna \u00e4r bel\u00e4gna vid restaurangens \u00f6stra gavel och d\u00e4r finns \u00e4ven m\u00f6jlighet att nyttja v\u00e5r lilla uteservering helt privat f\u00f6r cocktails, lunch eller middag. Bokning \u00e4r inte m\u00f6jlig av dessa platser och inte heller el eller [&hellip;]<\/p>\n","protected":false},"author":1,"featured_media":0,"parent":0,"menu_order":0,"comment_status":"closed","ping_status":"closed","template":"","meta":{"footnotes":""},"class_list":["post-826","page","type-page","status-publish","hentry"],"yoast_head":"<!-- This site is optimized with the Yoast SEO plugin v27.4 - https:\/\/yoast.com\/product\/yoast-seo-wordpress\/ -->\n<title>B\u00e5tplatser | Sj\u00f6magasinet<\/title>\n<meta name=\"robots\" content=\"index, follow, max-snippet:-1, max-image-preview:large, max-video-preview:-1\" \/>\n<link rel=\"canonical\" href=\"https:\/\/sjomagasinet.se\/en\/batplatser\/\" \/>\n<meta property=\"og:locale\" content=\"en_GB\" \/>\n<meta property=\"og:type\" content=\"article\" \/>\n<meta property=\"og:title\" content=\"B\u00e5tplatser | Sj\u00f6magasinet\" \/>\n<meta property=\"og:description\" content=\"B\u00e5tplatser p\u00e5 Sj\u00f6magasinet Sj\u00f6magasinet erbjuder exklusivt 4 b\u00e5tplatser till de av v\u00e5ra g\u00e4ster som v\u00e4ljer att komma \u00f6ver havet. Platserna \u00e4r bel\u00e4gna vid restaurangens \u00f6stra gavel och d\u00e4r finns \u00e4ven m\u00f6jlighet att nyttja v\u00e5r lilla uteservering helt privat f\u00f6r cocktails, lunch eller middag. Bokning \u00e4r inte m\u00f6jlig av dessa platser och inte heller el eller [&hellip;]\" \/>\n<meta property=\"og:url\" content=\"https:\/\/sjomagasinet.se\/en\/batplatser\/\" \/>\n<meta property=\"og:site_name\" content=\"Sj\u00f6magasinet\" \/>\n<meta property=\"article:publisher\" content=\"https:\/\/www.facebook.com\/sjomagasinetgbg\" \/>\n<meta property=\"article:modified_time\" content=\"2022-04-26T09:49:47+00:00\" \/>\n<meta property=\"og:image\" content=\"https:\/\/sjomagasinet.se\/wp-content\/uploads\/2022\/01\/188063344_4120463327992258_7289316894716916705_n.jpeg\" \/>\n<meta name=\"twitter:card\" content=\"summary_large_image\" \/>\n<meta name=\"twitter:label1\" content=\"Estimated reading time\" \/>\n\t<meta name=\"twitter:data1\" content=\"1 minute\" \/>\n<script type=\"application\/ld+json\" class=\"yoast-schema-graph\">{\"@context\":\"https:\\\/\\\/schema.org\",\"@graph\":[{\"@type\":\"WebPage\",\"@id\":\"https:\\\/\\\/sjomagasinet.se\\\/batplatser\\\/\",\"url\":\"https:\\\/\\\/sjomagasinet.se\\\/batplatser\\\/\",\"name\":\"B\u00e5tplatser | Sj\u00f6magasinet\",\"isPartOf\":{\"@id\":\"https:\\\/\\\/sjomagasinet.se\\\/#website\"},\"primaryImageOfPage\":{\"@id\":\"https:\\\/\\\/sjomagasinet.se\\\/batplatser\\\/#primaryimage\"},\"image\":{\"@id\":\"https:\\\/\\\/sjomagasinet.se\\\/batplatser\\\/#primaryimage\"},\"thumbnailUrl\":\"https:\\\/\\\/sjomagasinet.se\\\/wp-content\\\/uploads\\\/2022\\\/01\\\/188063344_4120463327992258_7289316894716916705_n.jpeg\",\"datePublished\":\"2022-01-31T17:04:35+00:00\",\"dateModified\":\"2022-04-26T09:49:47+00:00\",\"breadcrumb\":{\"@id\":\"https:\\\/\\\/sjomagasinet.se\\\/batplatser\\\/#breadcrumb\"},\"inLanguage\":\"en-GB\",\"potentialAction\":[{\"@type\":\"ReadAction\",\"target\":[\"https:\\\/\\\/sjomagasinet.se\\\/batplatser\\\/\"]}]},{\"@type\":\"ImageObject\",\"inLanguage\":\"en-GB\",\"@id\":\"https:\\\/\\\/sjomagasinet.se\\\/batplatser\\\/#primaryimage\",\"url\":\"https:\\\/\\\/sjomagasinet.se\\\/wp-content\\\/uploads\\\/2022\\\/01\\\/188063344_4120463327992258_7289316894716916705_n.jpeg\",\"contentUrl\":\"https:\\\/\\\/sjomagasinet.se\\\/wp-content\\\/uploads\\\/2022\\\/01\\\/188063344_4120463327992258_7289316894716916705_n.jpeg\"},{\"@type\":\"BreadcrumbList\",\"@id\":\"https:\\\/\\\/sjomagasinet.se\\\/batplatser\\\/#breadcrumb\",\"itemListElement\":[{\"@type\":\"ListItem\",\"position\":1,\"name\":\"Hem\",\"item\":\"https:\\\/\\\/sjomagasinet.se\\\/\"},{\"@type\":\"ListItem\",\"position\":2,\"name\":\"B\u00e5tplatser\"}]},{\"@type\":\"WebSite\",\"@id\":\"https:\\\/\\\/sjomagasinet.se\\\/#website\",\"url\":\"https:\\\/\\\/sjomagasinet.se\\\/\",\"name\":\"Sj\u00f6magasinet\",\"description\":\"Restaurang med passion f\u00f6r fisk och skaldjur\",\"publisher\":{\"@id\":\"https:\\\/\\\/sjomagasinet.se\\\/#organization\"},\"potentialAction\":[{\"@type\":\"SearchAction\",\"target\":{\"@type\":\"EntryPoint\",\"urlTemplate\":\"https:\\\/\\\/sjomagasinet.se\\\/?s={search_term_string}\"},\"query-input\":{\"@type\":\"PropertyValueSpecification\",\"valueRequired\":true,\"valueName\":\"search_term_string\"}}],\"inLanguage\":\"en-GB\"},{\"@type\":[\"Organization\",\"Place\"],\"@id\":\"https:\\\/\\\/sjomagasinet.se\\\/#organization\",\"name\":\"Sj\u00f6magasinet\",\"url\":\"https:\\\/\\\/sjomagasinet.se\\\/\",\"logo\":{\"@id\":\"https:\\\/\\\/sjomagasinet.se\\\/batplatser\\\/#local-main-organization-logo\"},\"image\":{\"@id\":\"https:\\\/\\\/sjomagasinet.se\\\/batplatser\\\/#local-main-organization-logo\"},\"sameAs\":[\"https:\\\/\\\/www.facebook.com\\\/sjomagasinetgbg\",\"https:\\\/\\\/www.instagram.com\\\/sjomagasinet\\\/\",\"https:\\\/\\\/sv.wikipedia.org\\\/wiki\\\/Sj\u00f6magasinet\"],\"address\":{\"@id\":\"https:\\\/\\\/sjomagasinet.se\\\/batplatser\\\/#local-main-place-address\"},\"telephone\":[\"031-775 59 20\"],\"openingHoursSpecification\":[{\"@type\":\"OpeningHoursSpecification\",\"dayOfWeek\":[\"Monday\",\"Tuesday\",\"Wednesday\",\"Thursday\",\"Friday\",\"Saturday\",\"Sunday\"],\"opens\":\"11:30\",\"closes\":\"23:00\"}],\"email\":\"info@sjomagasinet.se\",\"areaServed\":\"Sverige\",\"vatID\":\"559227-1836\"},{\"@type\":\"PostalAddress\",\"@id\":\"https:\\\/\\\/sjomagasinet.se\\\/batplatser\\\/#local-main-place-address\",\"streetAddress\":\"Adolf Edelsv\u00e4rds gata 5\",\"addressLocality\":\"G\u00f6teborg\",\"postalCode\":\"41451\",\"addressCountry\":\"SE\"},{\"@type\":\"ImageObject\",\"inLanguage\":\"en-GB\",\"@id\":\"https:\\\/\\\/sjomagasinet.se\\\/batplatser\\\/#local-main-organization-logo\",\"url\":\"https:\\\/\\\/sjomagasinet.se\\\/wp-content\\\/uploads\\\/2022\\\/04\\\/logo-wc.png\",\"contentUrl\":\"https:\\\/\\\/sjomagasinet.se\\\/wp-content\\\/uploads\\\/2022\\\/04\\\/logo-wc.png\",\"width\":341,\"height\":117,\"caption\":\"Sj\u00f6magasinet\"}]}<\/script>\n<meta name=\"geo.placename\" content=\"G\u00f6teborg\" \/>\n<meta name=\"geo.region\" content=\"Sweden\" \/>\n<!-- \/ Yoast SEO plugin. -->","yoast_head_json":{"title":"B\u00e5tplatser | Sj\u00f6magasinet","robots":{"index":"index","follow":"follow","max-snippet":"max-snippet:-1","max-image-preview":"max-image-preview:large","max-video-preview":"max-video-preview:-1"},"canonical":"https:\/\/sjomagasinet.se\/en\/batplatser\/","og_locale":"en_GB","og_type":"article","og_title":"B\u00e5tplatser | Sj\u00f6magasinet","og_description":"B\u00e5tplatser p\u00e5 Sj\u00f6magasinet Sj\u00f6magasinet erbjuder exklusivt 4 b\u00e5tplatser till de av v\u00e5ra g\u00e4ster som v\u00e4ljer att komma \u00f6ver havet. Platserna \u00e4r bel\u00e4gna vid restaurangens \u00f6stra gavel och d\u00e4r finns \u00e4ven m\u00f6jlighet att nyttja v\u00e5r lilla uteservering helt privat f\u00f6r cocktails, lunch eller middag. Bokning \u00e4r inte m\u00f6jlig av dessa platser och inte heller el eller [&hellip;]","og_url":"https:\/\/sjomagasinet.se\/en\/batplatser\/","og_site_name":"Sj\u00f6magasinet","article_publisher":"https:\/\/www.facebook.com\/sjomagasinetgbg","article_modified_time":"2022-04-26T09:49:47+00:00","og_image":[{"url":"https:\/\/sjomagasinet.se\/wp-content\/uploads\/2022\/01\/188063344_4120463327992258_7289316894716916705_n.jpeg","type":"","width":"","height":""}],"twitter_card":"summary_large_image","twitter_misc":{"Estimated reading time":"1 minute"},"schema":{"@context":"https:\/\/schema.org","@graph":[{"@type":"WebPage","@id":"https:\/\/sjomagasinet.se\/batplatser\/","url":"https:\/\/sjomagasinet.se\/batplatser\/","name":"B\u00e5tplatser | Sj\u00f6magasinet","isPartOf":{"@id":"https:\/\/sjomagasinet.se\/#website"},"primaryImageOfPage":{"@id":"https:\/\/sjomagasinet.se\/batplatser\/#primaryimage"},"image":{"@id":"https:\/\/sjomagasinet.se\/batplatser\/#primaryimage"},"thumbnailUrl":"https:\/\/sjomagasinet.se\/wp-content\/uploads\/2022\/01\/188063344_4120463327992258_7289316894716916705_n.jpeg","datePublished":"2022-01-31T17:04:35+00:00","dateModified":"2022-04-26T09:49:47+00:00","breadcrumb":{"@id":"https:\/\/sjomagasinet.se\/batplatser\/#breadcrumb"},"inLanguage":"en-GB","potentialAction":[{"@type":"ReadAction","target":["https:\/\/sjomagasinet.se\/batplatser\/"]}]},{"@type":"ImageObject","inLanguage":"en-GB","@id":"https:\/\/sjomagasinet.se\/batplatser\/#primaryimage","url":"https:\/\/sjomagasinet.se\/wp-content\/uploads\/2022\/01\/188063344_4120463327992258_7289316894716916705_n.jpeg","contentUrl":"https:\/\/sjomagasinet.se\/wp-content\/uploads\/2022\/01\/188063344_4120463327992258_7289316894716916705_n.jpeg"},{"@type":"BreadcrumbList","@id":"https:\/\/sjomagasinet.se\/batplatser\/#breadcrumb","itemListElement":[{"@type":"ListItem","position":1,"name":"Hem","item":"https:\/\/sjomagasinet.se\/"},{"@type":"ListItem","position":2,"name":"B\u00e5tplatser"}]},{"@type":"WebSite","@id":"https:\/\/sjomagasinet.se\/#website","url":"https:\/\/sjomagasinet.se\/","name":"Sj\u00f6magasinet","description":"Restaurang med passion f\u00f6r fisk och skaldjur","publisher":{"@id":"https:\/\/sjomagasinet.se\/#organization"},"potentialAction":[{"@type":"SearchAction","target":{"@type":"EntryPoint","urlTemplate":"https:\/\/sjomagasinet.se\/?s={search_term_string}"},"query-input":{"@type":"PropertyValueSpecification","valueRequired":true,"valueName":"search_term_string"}}],"inLanguage":"en-GB"},{"@type":["Organization","Place"],"@id":"https:\/\/sjomagasinet.se\/#organization","name":"Sj\u00f6magasinet","url":"https:\/\/sjomagasinet.se\/","logo":{"@id":"https:\/\/sjomagasinet.se\/batplatser\/#local-main-organization-logo"},"image":{"@id":"https:\/\/sjomagasinet.se\/batplatser\/#local-main-organization-logo"},"sameAs":["https:\/\/www.facebook.com\/sjomagasinetgbg","https:\/\/www.instagram.com\/sjomagasinet\/","https:\/\/sv.wikipedia.org\/wiki\/Sj\u00f6magasinet"],"address":{"@id":"https:\/\/sjomagasinet.se\/batplatser\/#local-main-place-address"},"telephone":["031-775 59 20"],"openingHoursSpecification":[{"@type":"OpeningHoursSpecification","dayOfWeek":["Monday","Tuesday","Wednesday","Thursday","Friday","Saturday","Sunday"],"opens":"11:30","closes":"23:00"}],"email":"info@sjomagasinet.se","areaServed":"Sverige","vatID":"559227-1836"},{"@type":"PostalAddress","@id":"https:\/\/sjomagasinet.se\/batplatser\/#local-main-place-address","streetAddress":"Adolf Edelsv\u00e4rds gata 5","addressLocality":"G\u00f6teborg","postalCode":"41451","addressCountry":"SE"},{"@type":"ImageObject","inLanguage":"en-GB","@id":"https:\/\/sjomagasinet.se\/batplatser\/#local-main-organization-logo","url":"https:\/\/sjomagasinet.se\/wp-content\/uploads\/2022\/04\/logo-wc.png","contentUrl":"https:\/\/sjomagasinet.se\/wp-content\/uploads\/2022\/04\/logo-wc.png","width":341,"height":117,"caption":"Sj\u00f6magasinet"}]},"geo.placename":"G\u00f6teborg","geo.region":"Sweden"},"_links":{"self":[{"href":"https:\/\/sjomagasinet.se\/en\/wp-json\/wp\/v2\/pages\/826","targetHints":{"allow":["GET"]}}],"collection":[{"href":"https:\/\/sjomagasinet.se\/en\/wp-json\/wp\/v2\/pages"}],"about":[{"href":"https:\/\/sjomagasinet.se\/en\/wp-json\/wp\/v2\/types\/page"}],"author":[{"embeddable":true,"href":"https:\/\/sjomagasinet.se\/en\/wp-json\/wp\/v2\/users\/1"}],"replies":[{"embeddable":true,"href":"https:\/\/sjomagasinet.se\/en\/wp-json\/wp\/v2\/comments?post=826"}],"version-history":[{"count":11,"href":"https:\/\/sjomagasinet.se\/en\/wp-json\/wp\/v2\/pages\/826\/revisions"}],"predecessor-version":[{"id":1575,"href":"https:\/\/sjomagasinet.se\/en\/wp-json\/wp\/v2\/pages\/826\/revisions\/1575"}],"wp:attachment":[{"href":"https:\/\/sjomagasinet.se\/en\/wp-json\/wp\/v2\/media?parent=826"}],"curies":[{"name":"wp","href":"https:\/\/api.w.org\/{rel}","templated":true}]}}