{"id":786,"date":"2022-01-31T16:09:32","date_gmt":"2022-01-31T15:09:32","guid":{"rendered":"https:\/\/sjomagasinet.se.hemsida.eu\/?page_id=786"},"modified":"2025-08-06T19:10:18","modified_gmt":"2025-08-06T17:10:18","slug":"om-oss","status":"publish","type":"page","link":"https:\/\/sjomagasinet.se\/en\/om-oss\/","title":{"rendered":"About us"},"content":{"rendered":"<div data-elementor-type=\"wp-page\" data-elementor-id=\"786\" class=\"elementor elementor-786\" data-elementor-post-type=\"page\">\n\t\t\t\t\t\t<section class=\"elementor-section elementor-top-section elementor-element elementor-element-47042412 elementor-section-content-middle elementor-reverse-mobile elementor-section-boxed elementor-section-height-default elementor-section-height-default\" data-id=\"47042412\" data-element_type=\"section\" data-e-type=\"section\" data-settings=\"{&quot;background_background&quot;:&quot;classic&quot;}\">\n\t\t\t\t\t\t<div class=\"elementor-container elementor-column-gap-default\">\n\t\t\t\t\t<div class=\"elementor-column elementor-col-100 elementor-top-column elementor-element elementor-element-caac76e elementor-sm-100\" data-id=\"caac76e\" data-element_type=\"column\" data-e-type=\"column\" data-settings=\"{&quot;background_background&quot;:&quot;classic&quot;}\">\n\t\t\t<div class=\"elementor-widget-wrap elementor-element-populated\">\n\t\t\t\t\t\t<section class=\"elementor-section elementor-inner-section elementor-element elementor-element-149ca584 elementor-section-boxed elementor-section-height-default elementor-section-height-default\" data-id=\"149ca584\" data-element_type=\"section\" data-e-type=\"section\">\n\t\t\t\t\t\t<div class=\"elementor-container elementor-column-gap-default\">\n\t\t\t\t\t<div class=\"elementor-column elementor-col-100 elementor-inner-column elementor-element elementor-element-3f0b457c\" data-id=\"3f0b457c\" data-element_type=\"column\" data-e-type=\"column\">\n\t\t\t<div class=\"elementor-widget-wrap elementor-element-populated\">\n\t\t\t\t\t\t<div class=\"elementor-element elementor-element-75e54f08 elementor-widget elementor-widget-image\" data-id=\"75e54f08\" data-element_type=\"widget\" data-e-type=\"widget\" data-widget_type=\"image.default\">\n\t\t\t\t<div class=\"elementor-widget-container\">\n\t\t\t\t\t\t\t\t\t\t\t\t\t\t\t<img fetchpriority=\"high\" decoding=\"async\" width=\"783\" height=\"783\" src=\"https:\/\/sjomagasinet.se\/wp-content\/uploads\/2022\/01\/Screenshot-2021-09-17-at-15.32.45.png\" class=\"attachment-large size-large wp-image-579\" alt=\"\" srcset=\"https:\/\/sjomagasinet.se\/wp-content\/uploads\/2022\/01\/Screenshot-2021-09-17-at-15.32.45.png 783w, https:\/\/sjomagasinet.se\/wp-content\/uploads\/2022\/01\/Screenshot-2021-09-17-at-15.32.45-300x300.png 300w, https:\/\/sjomagasinet.se\/wp-content\/uploads\/2022\/01\/Screenshot-2021-09-17-at-15.32.45-100x100.png 100w, https:\/\/sjomagasinet.se\/wp-content\/uploads\/2022\/01\/Screenshot-2021-09-17-at-15.32.45-600x600.png 600w, https:\/\/sjomagasinet.se\/wp-content\/uploads\/2022\/01\/Screenshot-2021-09-17-at-15.32.45-150x150.png 150w, https:\/\/sjomagasinet.se\/wp-content\/uploads\/2022\/01\/Screenshot-2021-09-17-at-15.32.45-768x768.png 768w\" sizes=\"(max-width: 783px) 100vw, 783px\" \/>\t\t\t\t\t\t\t\t\t\t\t\t\t\t\t<\/div>\n\t\t\t\t<\/div>\n\t\t\t\t\t<\/div>\n\t\t<\/div>\n\t\t\t\t\t<\/div>\n\t\t<\/section>\n\t\t\t\t<section class=\"elementor-section elementor-inner-section elementor-element elementor-element-67d0bab7 elementor-section-boxed elementor-section-height-default elementor-section-height-default\" data-id=\"67d0bab7\" data-element_type=\"section\" data-e-type=\"section\">\n\t\t\t\t\t\t<div class=\"elementor-container elementor-column-gap-default\">\n\t\t\t\t\t<div class=\"elementor-column elementor-col-100 elementor-inner-column elementor-element elementor-element-70d5fa7d\" data-id=\"70d5fa7d\" data-element_type=\"column\" data-e-type=\"column\">\n\t\t\t<div class=\"elementor-widget-wrap elementor-element-populated\">\n\t\t\t\t\t\t<div class=\"elementor-element elementor-element-4b3a4174 elementor-widget elementor-widget-heading\" data-id=\"4b3a4174\" data-element_type=\"widget\" data-e-type=\"widget\" data-widget_type=\"heading.default\">\n\t\t\t\t<div class=\"elementor-widget-container\">\n\t\t\t\t\t<h1 class=\"elementor-heading-title elementor-size-default\">About Sj\u00f6magasinet<\/h1>\t\t\t\t<\/div>\n\t\t\t\t<\/div>\n\t\t\t\t<div class=\"elementor-element elementor-element-68a11e97 elementor-widget-divider--view-line elementor-widget elementor-widget-divider\" data-id=\"68a11e97\" data-element_type=\"widget\" data-e-type=\"widget\" data-widget_type=\"divider.default\">\n\t\t\t\t<div class=\"elementor-widget-container\">\n\t\t\t\t\t\t\t<div class=\"elementor-divider\">\n\t\t\t<span class=\"elementor-divider-separator\">\n\t\t\t\t\t\t<\/span>\n\t\t<\/div>\n\t\t\t\t\t\t<\/div>\n\t\t\t\t<\/div>\n\t\t\t\t<div class=\"elementor-element elementor-element-70198bb elementor-widget elementor-widget-text-editor\" data-id=\"70198bb\" data-element_type=\"widget\" data-e-type=\"widget\" data-widget_type=\"text-editor.default\">\n\t\t\t\t<div class=\"elementor-widget-container\">\n\t\t\t\t\t\t\t\t\t<p>Sj\u00f6magasinet \u00e4r vackert bel\u00e4get vid G\u00f6teborgs hamninlopp och har ett f\u00f6rflutet sedan 1775 som Ostindiska Kompaniets lagerhus. Magasinet har sedan tagits i anspr\u00e5k av b\u00e5de tulltj\u00e4nstem\u00e4n och lotsar. Men mest k\u00e4nt har Sj\u00f6magasinet blivit f\u00f6r den fantastiska kokkonsten signerad av flera v\u00e4lk\u00e4nda kr\u00f6gare.<\/p>\t\t\t\t\t\t\t\t<\/div>\n\t\t\t\t<\/div>\n\t\t\t\t<div class=\"elementor-element elementor-element-48e5df3d elementor-widget elementor-widget-heading\" data-id=\"48e5df3d\" data-element_type=\"widget\" data-e-type=\"widget\" data-widget_type=\"heading.default\">\n\t\t\t\t<div class=\"elementor-widget-container\">\n\t\t\t\t\t<h2 class=\"elementor-heading-title elementor-size-default\">Leif Mannerstr\u00f6m<\/h2>\t\t\t\t<\/div>\n\t\t\t\t<\/div>\n\t\t\t\t<div class=\"elementor-element elementor-element-78e4fb7a elementor-widget elementor-widget-text-editor\" data-id=\"78e4fb7a\" data-element_type=\"widget\" data-e-type=\"widget\" data-widget_type=\"text-editor.default\">\n\t\t\t\t<div class=\"elementor-widget-container\">\n\t\t\t\t\t\t\t\t\t<div><div>Med Leif Mannerstr\u00f6m vid rodret tog Sj\u00f6magasinet en naturlig plats bland G\u00f6teborgska toppkrogar. Hemligheten var hans genuina fokus p\u00e5 fisk- och skaldjur. Leif arbetade med stor k\u00e4rlek och en stor portion g\u00f6teborgsk humor.<\/div><\/div>\t\t\t\t\t\t\t\t<\/div>\n\t\t\t\t<\/div>\n\t\t\t\t<div class=\"elementor-element elementor-element-a71a7fe elementor-widget elementor-widget-heading\" data-id=\"a71a7fe\" data-element_type=\"widget\" data-e-type=\"widget\" data-widget_type=\"heading.default\">\n\t\t\t\t<div class=\"elementor-widget-container\">\n\t\t\t\t\t<h2 class=\"elementor-heading-title elementor-size-default\">Ulf Wagner &amp; Gustav Tr\u00e4g\u00e5rdh<\/h2>\t\t\t\t<\/div>\n\t\t\t\t<\/div>\n\t\t\t\t<div class=\"elementor-element elementor-element-854c345 elementor-widget elementor-widget-text-editor\" data-id=\"854c345\" data-element_type=\"widget\" data-e-type=\"widget\" data-widget_type=\"text-editor.default\">\n\t\t\t\t<div class=\"elementor-widget-container\">\n\t\t\t\t\t\t\t\t\t<p>D\u00e4refter tog Ulf Wagner och k\u00f6ksm\u00e4staren Gustav Tr\u00e4g\u00e5rdh \u00f6ver och satte sin pr\u00e4gel p\u00e5 restaurangen. Nu tillkom bland annat en ny niv\u00e5 p\u00e5 vink\u00e4llare genom deras intresse f\u00f6r Chablis och Champagne. Restaurangen frodades och m\u00e5nga var det som \u00e5terkom g\u00e5ng p\u00e5 g\u00e5ng. Bland g\u00e4sterna m\u00e4rks Bruce Springsteen med f\u00f6lje som alltid ser till att g\u00f6ra ett bes\u00f6k n\u00e4r de \u00e4r i stan.<\/p>\t\t\t\t\t\t\t\t<\/div>\n\t\t\t\t<\/div>\n\t\t\t\t<div class=\"elementor-element elementor-element-857dd92 elementor-widget elementor-widget-heading\" data-id=\"857dd92\" data-element_type=\"widget\" data-e-type=\"widget\" data-widget_type=\"heading.default\">\n\t\t\t\t<div class=\"elementor-widget-container\">\n\t\t\t\t\t<h2 class=\"elementor-heading-title elementor-size-default\">Jennie Selin &amp; Mats Sj\u00f6lander<\/h2>\t\t\t\t<\/div>\n\t\t\t\t<\/div>\n\t\t\t\t<div class=\"elementor-element elementor-element-9861f46 elementor-widget elementor-widget-text-editor\" data-id=\"9861f46\" data-element_type=\"widget\" data-e-type=\"widget\" data-widget_type=\"text-editor.default\">\n\t\t\t\t<div class=\"elementor-widget-container\">\n\t\t\t\t\t\t\t\t\t<div><p>\u00c5r 2021 var det dags f\u00f6r en ny generation att ta \u00f6ver det anrika magasinet. Med kr\u00f6garna Mats Sj\u00f6lander och Jennie Selin skrivs nu ett nytt kapitel i lagerhusets historia. Mats &amp; Jennie har en l\u00e5ng historia fr\u00e5n finkrogar runt om i Sverige och med ett brett kontaktn\u00e4t inom skr\u00e5et \u00e4r de sj\u00e4lvklara fanb\u00e4rare av Sj\u00f6magasinets stolta tradition.<\/p><\/div><div><p>Jennie &amp; Mats vision \u00e4r att skapa en modern gastronomisk totalupplevelse med utg\u00e5ngspunkt i de b\u00e4sta r\u00e5varorna fr\u00e5n havet tillsammans med noggrant utvalda drycker. Allt i en mer stimmig och varm atmosf\u00e4r med hj\u00e4rtlig servering.<\/p><\/div>\t\t\t\t\t\t\t\t<\/div>\n\t\t\t\t<\/div>\n\t\t\t\t<div class=\"elementor-element elementor-element-a0da4b1 elementor-widget elementor-widget-heading\" data-id=\"a0da4b1\" data-element_type=\"widget\" data-e-type=\"widget\" data-widget_type=\"heading.default\">\n\t\t\t\t<div class=\"elementor-widget-container\">\n\t\t\t\t\t<h2 class=\"elementor-heading-title elementor-size-default\">Mats Sj\u00f6lander<\/h2>\t\t\t\t<\/div>\n\t\t\t\t<\/div>\n\t\t\t\t<div class=\"elementor-element elementor-element-9b04457 elementor-widget elementor-widget-text-editor\" data-id=\"9b04457\" data-element_type=\"widget\" data-e-type=\"widget\" data-widget_type=\"text-editor.default\">\n\t\t\t\t<div class=\"elementor-widget-container\">\n\t\t\t\t\t\t\t\t\t<p>Fr\u00e5n och med den 20 juli 2025 tog Mats Sj\u00f6lander sj\u00e4lv \u00f6ver Sj\u00f6magasinet och driver det vidare i den fortsatt h\u00e4rliga atmosf\u00e4ren.<\/p>\t\t\t\t\t\t\t\t<\/div>\n\t\t\t\t<\/div>\n\t\t\t\t<div class=\"elementor-element elementor-element-31a1d3b0 elementor-align-center elementor-widget elementor-widget-button\" data-id=\"31a1d3b0\" data-element_type=\"widget\" data-e-type=\"widget\" data-widget_type=\"button.default\">\n\t\t\t\t<div class=\"elementor-widget-container\">\n\t\t\t\t\t\t\t\t\t<div class=\"elementor-button-wrapper\">\n\t\t\t\t\t<a class=\"elementor-button elementor-button-link elementor-size-sm\" href=\"https:\/\/sjomagasinet.se\/en\/kontakta-oss\/\">\n\t\t\t\t\t\t<span class=\"elementor-button-content-wrapper\">\n\t\t\t\t\t\t\t\t\t<span class=\"elementor-button-text\">Contact us<\/span>\n\t\t\t\t\t<\/span>\n\t\t\t\t\t<\/a>\n\t\t\t\t<\/div>\n\t\t\t\t\t\t\t\t<\/div>\n\t\t\t\t<\/div>\n\t\t\t\t<div class=\"elementor-element elementor-element-576a238e elementor-widget elementor-widget-image\" data-id=\"576a238e\" data-element_type=\"widget\" data-e-type=\"widget\" data-widget_type=\"image.default\">\n\t\t\t\t<div class=\"elementor-widget-container\">\n\t\t\t\t\t\t\t\t\t\t\t\t\t\t\t<img decoding=\"async\" width=\"504\" height=\"896\" src=\"https:\/\/sjomagasinet.se\/wp-content\/uploads\/2025\/07\/IMG_5870.jpg\" class=\"attachment-large size-large wp-image-5089\" alt=\"Mats Sj\u00f6lander - Sj\u00f6magasinet\" srcset=\"https:\/\/sjomagasinet.se\/wp-content\/uploads\/2025\/07\/IMG_5870.jpg 504w, https:\/\/sjomagasinet.se\/wp-content\/uploads\/2025\/07\/IMG_5870-169x300.jpg 169w, https:\/\/sjomagasinet.se\/wp-content\/uploads\/2025\/07\/IMG_5870-7x12.jpg 7w\" sizes=\"(max-width: 504px) 100vw, 504px\" \/>\t\t\t\t\t\t\t\t\t\t\t\t\t\t\t<\/div>\n\t\t\t\t<\/div>\n\t\t\t\t\t<\/div>\n\t\t<\/div>\n\t\t\t\t\t<\/div>\n\t\t<\/section>\n\t\t\t\t\t<\/div>\n\t\t<\/div>\n\t\t\t\t\t<\/div>\n\t\t<\/section>\n\t\t\t\t<\/div>","protected":false},"excerpt":{"rendered":"<p>Om Sj\u00f6magasinet Sj\u00f6magasinet \u00e4r vackert bel\u00e4get vid G\u00f6teborgs hamninlopp och har ett f\u00f6rflutet sedan 1775 som Ostindiska Kompaniets lagerhus. Magasinet har sedan tagits i anspr\u00e5k av b\u00e5de tulltj\u00e4nstem\u00e4n och lotsar. Men mest k\u00e4nt har Sj\u00f6magasinet blivit f\u00f6r den fantastiska kokkonsten signerad av flera v\u00e4lk\u00e4nda kr\u00f6gare. Leif Mannerstr\u00f6m Med Leif Mannerstr\u00f6m vid rodret tog Sj\u00f6magasinet en [&hellip;]<\/p>\n","protected":false},"author":1,"featured_media":0,"parent":0,"menu_order":0,"comment_status":"closed","ping_status":"closed","template":"","meta":{"footnotes":""},"class_list":["post-786","page","type-page","status-publish","hentry"],"yoast_head":"<!-- This site is optimized with the Yoast SEO plugin v27.5 - https:\/\/yoast.com\/product\/yoast-seo-wordpress\/ -->\n<title>Om oss | Sj\u00f6magasinet<\/title>\n<meta name=\"robots\" content=\"index, follow, max-snippet:-1, max-image-preview:large, max-video-preview:-1\" \/>\n<link rel=\"canonical\" href=\"https:\/\/sjomagasinet.se\/en\/om-oss\/\" \/>\n<meta property=\"og:locale\" content=\"en_GB\" \/>\n<meta property=\"og:type\" content=\"article\" \/>\n<meta property=\"og:title\" content=\"Om oss | Sj\u00f6magasinet\" \/>\n<meta property=\"og:description\" content=\"Om Sj\u00f6magasinet Sj\u00f6magasinet \u00e4r vackert bel\u00e4get vid G\u00f6teborgs hamninlopp och har ett f\u00f6rflutet sedan 1775 som Ostindiska Kompaniets lagerhus. Magasinet har sedan tagits i anspr\u00e5k av b\u00e5de tulltj\u00e4nstem\u00e4n och lotsar. Men mest k\u00e4nt har Sj\u00f6magasinet blivit f\u00f6r den fantastiska kokkonsten signerad av flera v\u00e4lk\u00e4nda kr\u00f6gare. Leif Mannerstr\u00f6m Med Leif Mannerstr\u00f6m vid rodret tog Sj\u00f6magasinet en [&hellip;]\" \/>\n<meta property=\"og:url\" content=\"https:\/\/sjomagasinet.se\/en\/om-oss\/\" \/>\n<meta property=\"og:site_name\" content=\"Sj\u00f6magasinet\" \/>\n<meta property=\"article:publisher\" content=\"https:\/\/www.facebook.com\/sjomagasinetgbg\" \/>\n<meta property=\"article:modified_time\" content=\"2025-08-06T17:10:18+00:00\" \/>\n<meta property=\"og:image\" content=\"https:\/\/sjomagasinet.se\/wp-content\/uploads\/2022\/01\/Screenshot-2021-09-17-at-15.32.45.png\" \/>\n\t<meta property=\"og:image:width\" content=\"783\" \/>\n\t<meta property=\"og:image:height\" content=\"783\" \/>\n\t<meta property=\"og:image:type\" content=\"image\/png\" \/>\n<meta name=\"twitter:card\" content=\"summary_large_image\" \/>\n<meta name=\"twitter:label1\" content=\"Estimated reading time\" \/>\n\t<meta name=\"twitter:data1\" content=\"2 minutes\" \/>\n<script type=\"application\/ld+json\" class=\"yoast-schema-graph\">{\"@context\":\"https:\\\/\\\/schema.org\",\"@graph\":[{\"@type\":\"WebPage\",\"@id\":\"https:\\\/\\\/sjomagasinet.se\\\/om-oss\\\/\",\"url\":\"https:\\\/\\\/sjomagasinet.se\\\/om-oss\\\/\",\"name\":\"Om oss | Sj\u00f6magasinet\",\"isPartOf\":{\"@id\":\"https:\\\/\\\/sjomagasinet.se\\\/#website\"},\"primaryImageOfPage\":{\"@id\":\"https:\\\/\\\/sjomagasinet.se\\\/om-oss\\\/#primaryimage\"},\"image\":{\"@id\":\"https:\\\/\\\/sjomagasinet.se\\\/om-oss\\\/#primaryimage\"},\"thumbnailUrl\":\"https:\\\/\\\/sjomagasinet.se\\\/wp-content\\\/uploads\\\/2022\\\/01\\\/Screenshot-2021-09-17-at-15.32.45.png\",\"datePublished\":\"2022-01-31T15:09:32+00:00\",\"dateModified\":\"2025-08-06T17:10:18+00:00\",\"breadcrumb\":{\"@id\":\"https:\\\/\\\/sjomagasinet.se\\\/om-oss\\\/#breadcrumb\"},\"inLanguage\":\"en-GB\",\"potentialAction\":[{\"@type\":\"ReadAction\",\"target\":[\"https:\\\/\\\/sjomagasinet.se\\\/om-oss\\\/\"]}]},{\"@type\":\"ImageObject\",\"inLanguage\":\"en-GB\",\"@id\":\"https:\\\/\\\/sjomagasinet.se\\\/om-oss\\\/#primaryimage\",\"url\":\"https:\\\/\\\/sjomagasinet.se\\\/wp-content\\\/uploads\\\/2022\\\/01\\\/Screenshot-2021-09-17-at-15.32.45.png\",\"contentUrl\":\"https:\\\/\\\/sjomagasinet.se\\\/wp-content\\\/uploads\\\/2022\\\/01\\\/Screenshot-2021-09-17-at-15.32.45.png\"},{\"@type\":\"BreadcrumbList\",\"@id\":\"https:\\\/\\\/sjomagasinet.se\\\/om-oss\\\/#breadcrumb\",\"itemListElement\":[{\"@type\":\"ListItem\",\"position\":1,\"name\":\"Hem\",\"item\":\"https:\\\/\\\/sjomagasinet.se\\\/\"},{\"@type\":\"ListItem\",\"position\":2,\"name\":\"Om oss\"}]},{\"@type\":\"WebSite\",\"@id\":\"https:\\\/\\\/sjomagasinet.se\\\/#website\",\"url\":\"https:\\\/\\\/sjomagasinet.se\\\/\",\"name\":\"Sj\u00f6magasinet\",\"description\":\"Restaurang med passion f\u00f6r fisk och skaldjur\",\"publisher\":{\"@id\":\"https:\\\/\\\/sjomagasinet.se\\\/#organization\"},\"potentialAction\":[{\"@type\":\"SearchAction\",\"target\":{\"@type\":\"EntryPoint\",\"urlTemplate\":\"https:\\\/\\\/sjomagasinet.se\\\/?s={search_term_string}\"},\"query-input\":{\"@type\":\"PropertyValueSpecification\",\"valueRequired\":true,\"valueName\":\"search_term_string\"}}],\"inLanguage\":\"en-GB\"},{\"@type\":[\"Organization\",\"Place\"],\"@id\":\"https:\\\/\\\/sjomagasinet.se\\\/#organization\",\"name\":\"Sj\u00f6magasinet\",\"url\":\"https:\\\/\\\/sjomagasinet.se\\\/\",\"logo\":{\"@id\":\"https:\\\/\\\/sjomagasinet.se\\\/om-oss\\\/#local-main-organization-logo\"},\"image\":{\"@id\":\"https:\\\/\\\/sjomagasinet.se\\\/om-oss\\\/#local-main-organization-logo\"},\"sameAs\":[\"https:\\\/\\\/www.facebook.com\\\/sjomagasinetgbg\",\"https:\\\/\\\/www.instagram.com\\\/sjomagasinet\\\/\",\"https:\\\/\\\/sv.wikipedia.org\\\/wiki\\\/Sj\u00f6magasinet\"],\"address\":{\"@id\":\"https:\\\/\\\/sjomagasinet.se\\\/om-oss\\\/#local-main-place-address\"},\"telephone\":[\"031-775 59 20\"],\"openingHoursSpecification\":[{\"@type\":\"OpeningHoursSpecification\",\"dayOfWeek\":[\"Monday\",\"Tuesday\",\"Wednesday\",\"Thursday\",\"Friday\",\"Saturday\",\"Sunday\"],\"opens\":\"11:30\",\"closes\":\"23:00\"}],\"email\":\"info@sjomagasinet.se\",\"areaServed\":\"Sverige\",\"vatID\":\"559227-1836\"},{\"@type\":\"PostalAddress\",\"@id\":\"https:\\\/\\\/sjomagasinet.se\\\/om-oss\\\/#local-main-place-address\",\"streetAddress\":\"Adolf Edelsv\u00e4rds gata 5\",\"addressLocality\":\"G\u00f6teborg\",\"postalCode\":\"41451\",\"addressCountry\":\"SE\"},{\"@type\":\"ImageObject\",\"inLanguage\":\"en-GB\",\"@id\":\"https:\\\/\\\/sjomagasinet.se\\\/om-oss\\\/#local-main-organization-logo\",\"url\":\"https:\\\/\\\/sjomagasinet.se\\\/wp-content\\\/uploads\\\/2022\\\/04\\\/logo-wc.png\",\"contentUrl\":\"https:\\\/\\\/sjomagasinet.se\\\/wp-content\\\/uploads\\\/2022\\\/04\\\/logo-wc.png\",\"width\":341,\"height\":117,\"caption\":\"Sj\u00f6magasinet\"}]}<\/script>\n<meta name=\"geo.placename\" content=\"G\u00f6teborg\" \/>\n<meta name=\"geo.region\" content=\"Sweden\" \/>\n<!-- \/ Yoast SEO plugin. -->","yoast_head_json":{"title":"Om oss | Sj\u00f6magasinet","robots":{"index":"index","follow":"follow","max-snippet":"max-snippet:-1","max-image-preview":"max-image-preview:large","max-video-preview":"max-video-preview:-1"},"canonical":"https:\/\/sjomagasinet.se\/en\/om-oss\/","og_locale":"en_GB","og_type":"article","og_title":"Om oss | Sj\u00f6magasinet","og_description":"Om Sj\u00f6magasinet Sj\u00f6magasinet \u00e4r vackert bel\u00e4get vid G\u00f6teborgs hamninlopp och har ett f\u00f6rflutet sedan 1775 som Ostindiska Kompaniets lagerhus. Magasinet har sedan tagits i anspr\u00e5k av b\u00e5de tulltj\u00e4nstem\u00e4n och lotsar. Men mest k\u00e4nt har Sj\u00f6magasinet blivit f\u00f6r den fantastiska kokkonsten signerad av flera v\u00e4lk\u00e4nda kr\u00f6gare. Leif Mannerstr\u00f6m Med Leif Mannerstr\u00f6m vid rodret tog Sj\u00f6magasinet en [&hellip;]","og_url":"https:\/\/sjomagasinet.se\/en\/om-oss\/","og_site_name":"Sj\u00f6magasinet","article_publisher":"https:\/\/www.facebook.com\/sjomagasinetgbg","article_modified_time":"2025-08-06T17:10:18+00:00","og_image":[{"width":783,"height":783,"url":"https:\/\/sjomagasinet.se\/wp-content\/uploads\/2022\/01\/Screenshot-2021-09-17-at-15.32.45.png","type":"image\/png"}],"twitter_card":"summary_large_image","twitter_misc":{"Estimated reading time":"2 minutes"},"schema":{"@context":"https:\/\/schema.org","@graph":[{"@type":"WebPage","@id":"https:\/\/sjomagasinet.se\/om-oss\/","url":"https:\/\/sjomagasinet.se\/om-oss\/","name":"Om oss | Sj\u00f6magasinet","isPartOf":{"@id":"https:\/\/sjomagasinet.se\/#website"},"primaryImageOfPage":{"@id":"https:\/\/sjomagasinet.se\/om-oss\/#primaryimage"},"image":{"@id":"https:\/\/sjomagasinet.se\/om-oss\/#primaryimage"},"thumbnailUrl":"https:\/\/sjomagasinet.se\/wp-content\/uploads\/2022\/01\/Screenshot-2021-09-17-at-15.32.45.png","datePublished":"2022-01-31T15:09:32+00:00","dateModified":"2025-08-06T17:10:18+00:00","breadcrumb":{"@id":"https:\/\/sjomagasinet.se\/om-oss\/#breadcrumb"},"inLanguage":"en-GB","potentialAction":[{"@type":"ReadAction","target":["https:\/\/sjomagasinet.se\/om-oss\/"]}]},{"@type":"ImageObject","inLanguage":"en-GB","@id":"https:\/\/sjomagasinet.se\/om-oss\/#primaryimage","url":"https:\/\/sjomagasinet.se\/wp-content\/uploads\/2022\/01\/Screenshot-2021-09-17-at-15.32.45.png","contentUrl":"https:\/\/sjomagasinet.se\/wp-content\/uploads\/2022\/01\/Screenshot-2021-09-17-at-15.32.45.png"},{"@type":"BreadcrumbList","@id":"https:\/\/sjomagasinet.se\/om-oss\/#breadcrumb","itemListElement":[{"@type":"ListItem","position":1,"name":"Hem","item":"https:\/\/sjomagasinet.se\/"},{"@type":"ListItem","position":2,"name":"Om oss"}]},{"@type":"WebSite","@id":"https:\/\/sjomagasinet.se\/#website","url":"https:\/\/sjomagasinet.se\/","name":"Sj\u00f6magasinet","description":"Restaurang med passion f\u00f6r fisk och skaldjur","publisher":{"@id":"https:\/\/sjomagasinet.se\/#organization"},"potentialAction":[{"@type":"SearchAction","target":{"@type":"EntryPoint","urlTemplate":"https:\/\/sjomagasinet.se\/?s={search_term_string}"},"query-input":{"@type":"PropertyValueSpecification","valueRequired":true,"valueName":"search_term_string"}}],"inLanguage":"en-GB"},{"@type":["Organization","Place"],"@id":"https:\/\/sjomagasinet.se\/#organization","name":"Sj\u00f6magasinet","url":"https:\/\/sjomagasinet.se\/","logo":{"@id":"https:\/\/sjomagasinet.se\/om-oss\/#local-main-organization-logo"},"image":{"@id":"https:\/\/sjomagasinet.se\/om-oss\/#local-main-organization-logo"},"sameAs":["https:\/\/www.facebook.com\/sjomagasinetgbg","https:\/\/www.instagram.com\/sjomagasinet\/","https:\/\/sv.wikipedia.org\/wiki\/Sj\u00f6magasinet"],"address":{"@id":"https:\/\/sjomagasinet.se\/om-oss\/#local-main-place-address"},"telephone":["031-775 59 20"],"openingHoursSpecification":[{"@type":"OpeningHoursSpecification","dayOfWeek":["Monday","Tuesday","Wednesday","Thursday","Friday","Saturday","Sunday"],"opens":"11:30","closes":"23:00"}],"email":"info@sjomagasinet.se","areaServed":"Sverige","vatID":"559227-1836"},{"@type":"PostalAddress","@id":"https:\/\/sjomagasinet.se\/om-oss\/#local-main-place-address","streetAddress":"Adolf Edelsv\u00e4rds gata 5","addressLocality":"G\u00f6teborg","postalCode":"41451","addressCountry":"SE"},{"@type":"ImageObject","inLanguage":"en-GB","@id":"https:\/\/sjomagasinet.se\/om-oss\/#local-main-organization-logo","url":"https:\/\/sjomagasinet.se\/wp-content\/uploads\/2022\/04\/logo-wc.png","contentUrl":"https:\/\/sjomagasinet.se\/wp-content\/uploads\/2022\/04\/logo-wc.png","width":341,"height":117,"caption":"Sj\u00f6magasinet"}]},"geo.placename":"G\u00f6teborg","geo.region":"Sweden"},"_links":{"self":[{"href":"https:\/\/sjomagasinet.se\/en\/wp-json\/wp\/v2\/pages\/786","targetHints":{"allow":["GET"]}}],"collection":[{"href":"https:\/\/sjomagasinet.se\/en\/wp-json\/wp\/v2\/pages"}],"about":[{"href":"https:\/\/sjomagasinet.se\/en\/wp-json\/wp\/v2\/types\/page"}],"author":[{"embeddable":true,"href":"https:\/\/sjomagasinet.se\/en\/wp-json\/wp\/v2\/users\/1"}],"replies":[{"embeddable":true,"href":"https:\/\/sjomagasinet.se\/en\/wp-json\/wp\/v2\/comments?post=786"}],"version-history":[{"count":38,"href":"https:\/\/sjomagasinet.se\/en\/wp-json\/wp\/v2\/pages\/786\/revisions"}],"predecessor-version":[{"id":5107,"href":"https:\/\/sjomagasinet.se\/en\/wp-json\/wp\/v2\/pages\/786\/revisions\/5107"}],"wp:attachment":[{"href":"https:\/\/sjomagasinet.se\/en\/wp-json\/wp\/v2\/media?parent=786"}],"curies":[{"name":"wp","href":"https:\/\/api.w.org\/{rel}","templated":true}]}}