{"id":5384,"date":"2026-01-28T13:03:32","date_gmt":"2026-01-28T12:03:32","guid":{"rendered":"https:\/\/sjomagasinet.se\/?page_id=5384"},"modified":"2026-01-28T13:11:38","modified_gmt":"2026-01-28T12:11:38","slug":"gastspel-charles-heidsieck","status":"publish","type":"page","link":"https:\/\/sjomagasinet.se\/en\/events\/gastspel-charles-heidsieck\/","title":{"rendered":"G\u00e4stspel &#8211; Charles Heidsieck"},"content":{"rendered":"<div data-elementor-type=\"wp-page\" data-elementor-id=\"5384\" class=\"elementor elementor-5384\" data-elementor-post-type=\"page\">\n\t\t\t\t<div class=\"elementor-element elementor-element-21b88b5 e-flex e-con-boxed e-con e-parent\" data-id=\"21b88b5\" data-element_type=\"container\" data-e-type=\"container\" data-settings=\"{&quot;background_background&quot;:&quot;classic&quot;}\">\n\t\t\t\t\t<div class=\"e-con-inner\">\n\t\t<div class=\"elementor-element elementor-element-12ffef3 e-con-full e-flex e-con e-child\" data-id=\"12ffef3\" data-element_type=\"container\" data-e-type=\"container\" data-settings=\"{&quot;background_background&quot;:&quot;classic&quot;}\">\n\t\t\t\t<div class=\"elementor-element elementor-element-b49a610 elementor-widget elementor-widget-image\" data-id=\"b49a610\" data-element_type=\"widget\" data-e-type=\"widget\" data-widget_type=\"image.default\">\n\t\t\t\t<div class=\"elementor-widget-container\">\n\t\t\t\t\t\t\t\t\t\t\t\t\t\t\t<img fetchpriority=\"high\" decoding=\"async\" width=\"800\" height=\"450\" src=\"https:\/\/sjomagasinet.se\/wp-content\/uploads\/2026\/01\/Gastspel-Charles-Heidsieck-1024x576.jpg\" class=\"attachment-large size-large wp-image-5386\" alt=\"\" srcset=\"https:\/\/sjomagasinet.se\/wp-content\/uploads\/2026\/01\/Gastspel-Charles-Heidsieck-1024x576.jpg 1024w, https:\/\/sjomagasinet.se\/wp-content\/uploads\/2026\/01\/Gastspel-Charles-Heidsieck-300x169.jpg 300w, https:\/\/sjomagasinet.se\/wp-content\/uploads\/2026\/01\/Gastspel-Charles-Heidsieck-768x432.jpg 768w, https:\/\/sjomagasinet.se\/wp-content\/uploads\/2026\/01\/Gastspel-Charles-Heidsieck-18x10.jpg 18w, https:\/\/sjomagasinet.se\/wp-content\/uploads\/2026\/01\/Gastspel-Charles-Heidsieck-600x338.jpg 600w, https:\/\/sjomagasinet.se\/wp-content\/uploads\/2026\/01\/Gastspel-Charles-Heidsieck.jpg 1200w\" sizes=\"(max-width: 800px) 100vw, 800px\" \/>\t\t\t\t\t\t\t\t\t\t\t\t\t\t\t<\/div>\n\t\t\t\t<\/div>\n\t\t\t\t<div class=\"elementor-element elementor-element-1510476 elementor-widget elementor-widget-heading\" data-id=\"1510476\" data-element_type=\"widget\" data-e-type=\"widget\" data-widget_type=\"heading.default\">\n\t\t\t\t<div class=\"elementor-widget-container\">\n\t\t\t\t\t<h1 class=\"elementor-heading-title elementor-size-default\">Guest Appearance \u2013 Charles Heidsieck<\/h1>\t\t\t\t<\/div>\n\t\t\t\t<\/div>\n\t\t\t\t<div class=\"elementor-element elementor-element-ea04730 elementor-widget elementor-widget-heading\" data-id=\"ea04730\" data-element_type=\"widget\" data-e-type=\"widget\" data-widget_type=\"heading.default\">\n\t\t\t\t<div class=\"elementor-widget-container\">\n\t\t\t\t\t<h1 class=\"elementor-heading-title elementor-size-default\">On March 12 at 6:00 PM, we invite you to an exclusive dinner in collaboration between Sj\u00f6magasinet and Charles Heidsieck Champagne.<\/h1>\t\t\t\t<\/div>\n\t\t\t\t<\/div>\n\t\t\t\t<div class=\"elementor-element elementor-element-e53e528 elementor-widget-divider--view-line elementor-widget elementor-widget-divider\" data-id=\"e53e528\" data-element_type=\"widget\" data-e-type=\"widget\" data-widget_type=\"divider.default\">\n\t\t\t\t<div class=\"elementor-widget-container\">\n\t\t\t\t\t\t\t<div class=\"elementor-divider\">\n\t\t\t<span class=\"elementor-divider-separator\">\n\t\t\t\t\t\t<\/span>\n\t\t<\/div>\n\t\t\t\t\t\t<\/div>\n\t\t\t\t<\/div>\n\t\t\t\t<div class=\"elementor-element elementor-element-34b1698 elementor-widget elementor-widget-text-editor\" data-id=\"34b1698\" data-element_type=\"widget\" data-e-type=\"widget\" data-widget_type=\"text-editor.default\">\n\t\t\t\t<div class=\"elementor-widget-container\">\n\t\t\t\t\t\t\t\t\t<p>On March 12, Sj\u00f6magasinet will have the honor of welcoming Maxime Watelet from Charles Heidsieck Champagne. Together with their finest cuv\u00e9es and the very best from Sj\u00f6magasinet\u2019s kitchen, this promises a true celebration of flavors. We look forward to a sparkling evening guided by expert hands in Sj\u00f6magasinet\u2019s beautiful dining room.<\/p><p>Warm welcome!\u00a0<\/p><p>Mats Sj\u00f6lander, Charles Heidsieck Champagne, and the Sj\u00f6magasinet team<\/p>\t\t\t\t\t\t\t\t<\/div>\n\t\t\t\t<\/div>\n\t\t\t\t<div class=\"elementor-element elementor-element-4bfa1ee elementor-align-center elementor-mobile-align-justify elementor-widget elementor-widget-button\" data-id=\"4bfa1ee\" data-element_type=\"widget\" data-e-type=\"widget\" data-widget_type=\"button.default\">\n\t\t\t\t<div class=\"elementor-widget-container\">\n\t\t\t\t\t\t\t\t\t<div class=\"elementor-button-wrapper\">\n\t\t\t\t\t<a class=\"elementor-button elementor-button-link elementor-size-sm\" href=\"https:\/\/sjomagasinet.se\/en\/boka-bord\/\">\n\t\t\t\t\t\t<span class=\"elementor-button-content-wrapper\">\n\t\t\t\t\t\t\t\t\t<span class=\"elementor-button-text\">Book a table<\/span>\n\t\t\t\t\t<\/span>\n\t\t\t\t\t<\/a>\n\t\t\t\t<\/div>\n\t\t\t\t\t\t\t\t<\/div>\n\t\t\t\t<\/div>\n\t\t\t\t<div class=\"elementor-element elementor-element-671a05f elementor-widget-divider--view-line elementor-widget elementor-widget-divider\" data-id=\"671a05f\" data-element_type=\"widget\" data-e-type=\"widget\" data-widget_type=\"divider.default\">\n\t\t\t\t<div class=\"elementor-widget-container\">\n\t\t\t\t\t\t\t<div class=\"elementor-divider\">\n\t\t\t<span class=\"elementor-divider-separator\">\n\t\t\t\t\t\t<\/span>\n\t\t<\/div>\n\t\t\t\t\t\t<\/div>\n\t\t\t\t<\/div>\n\t\t\t\t<div class=\"elementor-element elementor-element-b0804a1 elementor-widget elementor-widget-heading\" data-id=\"b0804a1\" data-element_type=\"widget\" data-e-type=\"widget\" data-widget_type=\"heading.default\">\n\t\t\t\t<div class=\"elementor-widget-container\">\n\t\t\t\t\t<h1 class=\"elementor-heading-title elementor-size-default\"><u>Evening Menu<\/u><\/h1>\t\t\t\t<\/div>\n\t\t\t\t<\/div>\n\t\t\t\t<div class=\"elementor-element elementor-element-b7e980b elementor-widget elementor-widget-text-editor\" data-id=\"b7e980b\" data-element_type=\"widget\" data-e-type=\"widget\" data-widget_type=\"text-editor.default\">\n\t\t\t\t<div class=\"elementor-widget-container\">\n\t\t\t\t\t\t\t\t\t<p>Quenelle of haddock with Oscietra caviar and chives in a Champagne sauce<\/p><p><i>Charles Heidsieck Brut Reserve NV<br \/><br \/><\/i><\/p><p>\u00a0<\/p><p>Tomato confit filled with pan-seared langoustines, caramelized Roscoff onion, and sauce corail<\/p><p><i>Charles Heidsieck Blanc de Blanc NV<br \/><br \/><\/i><\/p><p>\u00a0<\/p><p>Puff pastry\u2013baked turbot fillet with baby spinach, mushrooms, and vermouth sauce<\/p><p><i>Charles Heidsieck Vintage 2012, magnum<br \/><br \/><\/i><\/p><p>\u00a0<\/p><p>Stuffed boned quail with veal sweetbreads, morel mushrooms, truffle, and pistachios<\/p><p><i>Charles Heidsieck Blanc de Millenaires 2014<br \/><br \/><\/i><\/p><p>\u00a0<\/p><p>White Champagne sorbet with fresh raspberries, topped with Charles Heidsieck Ros\u00e9 NV<\/p><p>\u00a0<\/p><p><br \/>3,795 SEK per person<br \/><br \/><\/p><p><i>The number of seats is limited \u2013 don\u2019t miss this unique tasting experience!<\/i><\/p>\t\t\t\t\t\t\t\t<\/div>\n\t\t\t\t<\/div>\n\t\t\t\t<div class=\"elementor-element elementor-element-244b3a1 elementor-align-center elementor-mobile-align-justify elementor-widget elementor-widget-button\" data-id=\"244b3a1\" data-element_type=\"widget\" data-e-type=\"widget\" data-widget_type=\"button.default\">\n\t\t\t\t<div class=\"elementor-widget-container\">\n\t\t\t\t\t\t\t\t\t<div class=\"elementor-button-wrapper\">\n\t\t\t\t\t<a class=\"elementor-button elementor-button-link elementor-size-sm\" href=\"https:\/\/sjomagasinet.se\/en\/boka-bord\/\">\n\t\t\t\t\t\t<span class=\"elementor-button-content-wrapper\">\n\t\t\t\t\t\t\t\t\t<span class=\"elementor-button-text\">Book a table<\/span>\n\t\t\t\t\t<\/span>\n\t\t\t\t\t<\/a>\n\t\t\t\t<\/div>\n\t\t\t\t\t\t\t\t<\/div>\n\t\t\t\t<\/div>\n\t\t\t\t<\/div>\n\t\t\t\t\t<\/div>\n\t\t\t\t<\/div>\n\t\t\t\t<\/div>","protected":false},"excerpt":{"rendered":"<p>G\u00e4stspel &#8211; Charles Heidsieck Champagne Den 12 mars kl 18:00 bjuder vi in till en exklusiv middag i ett samarbete mellan Sj\u00f6magasinet och Charles Heidsieck Champagne. Den 12 mars f\u00e5r Sj\u00f6magasinet hedrande bes\u00f6k av Maxime Watelet fr\u00e5n Charles Heidsieck Champagne. Tillsammans med deras finaste cuv\u00e9er och det b\u00e4sta ur Sj\u00f6magasinets k\u00f6k borgar detta f\u00f6r en [&hellip;]<\/p>\n","protected":false},"author":1,"featured_media":5386,"parent":4903,"menu_order":0,"comment_status":"closed","ping_status":"closed","template":"","meta":{"footnotes":""},"class_list":["post-5384","page","type-page","status-publish","has-post-thumbnail","hentry"],"yoast_head":"<!-- This site is optimized with the Yoast SEO plugin v27.4 - https:\/\/yoast.com\/product\/yoast-seo-wordpress\/ -->\n<title>G\u00e4stspel - Charles Heidsieck | Sj\u00f6magasinet<\/title>\n<meta name=\"robots\" content=\"index, follow, max-snippet:-1, max-image-preview:large, max-video-preview:-1\" \/>\n<link rel=\"canonical\" href=\"https:\/\/sjomagasinet.se\/en\/events\/gastspel-charles-heidsieck\/\" \/>\n<meta property=\"og:locale\" content=\"en_GB\" \/>\n<meta property=\"og:type\" content=\"article\" \/>\n<meta property=\"og:title\" content=\"G\u00e4stspel - Charles Heidsieck | Sj\u00f6magasinet\" \/>\n<meta property=\"og:description\" content=\"G\u00e4stspel &#8211; Charles Heidsieck Champagne Den 12 mars kl 18:00 bjuder vi in till en exklusiv middag i ett samarbete mellan Sj\u00f6magasinet och Charles Heidsieck Champagne. Den 12 mars f\u00e5r Sj\u00f6magasinet hedrande bes\u00f6k av Maxime Watelet fr\u00e5n Charles Heidsieck Champagne. Tillsammans med deras finaste cuv\u00e9er och det b\u00e4sta ur Sj\u00f6magasinets k\u00f6k borgar detta f\u00f6r en [&hellip;]\" \/>\n<meta property=\"og:url\" content=\"https:\/\/sjomagasinet.se\/en\/events\/gastspel-charles-heidsieck\/\" \/>\n<meta property=\"og:site_name\" content=\"Sj\u00f6magasinet\" \/>\n<meta property=\"article:publisher\" content=\"https:\/\/www.facebook.com\/sjomagasinetgbg\" \/>\n<meta property=\"article:modified_time\" content=\"2026-01-28T12:11:38+00:00\" \/>\n<meta property=\"og:image\" content=\"https:\/\/sjomagasinet.se\/wp-content\/uploads\/2026\/01\/Gastspel-Charles-Heidsieck.jpg\" \/>\n\t<meta property=\"og:image:width\" content=\"1200\" \/>\n\t<meta property=\"og:image:height\" content=\"675\" \/>\n\t<meta property=\"og:image:type\" content=\"image\/jpeg\" \/>\n<meta name=\"twitter:card\" content=\"summary_large_image\" \/>\n<meta name=\"twitter:label1\" content=\"Estimated reading time\" \/>\n\t<meta name=\"twitter:data1\" content=\"1 minute\" \/>\n<script type=\"application\/ld+json\" class=\"yoast-schema-graph\">{\"@context\":\"https:\\\/\\\/schema.org\",\"@graph\":[{\"@type\":\"WebPage\",\"@id\":\"https:\\\/\\\/sjomagasinet.se\\\/events\\\/gastspel-charles-heidsieck\\\/\",\"url\":\"https:\\\/\\\/sjomagasinet.se\\\/events\\\/gastspel-charles-heidsieck\\\/\",\"name\":\"G\u00e4stspel - Charles Heidsieck | Sj\u00f6magasinet\",\"isPartOf\":{\"@id\":\"https:\\\/\\\/sjomagasinet.se\\\/#website\"},\"primaryImageOfPage\":{\"@id\":\"https:\\\/\\\/sjomagasinet.se\\\/events\\\/gastspel-charles-heidsieck\\\/#primaryimage\"},\"image\":{\"@id\":\"https:\\\/\\\/sjomagasinet.se\\\/events\\\/gastspel-charles-heidsieck\\\/#primaryimage\"},\"thumbnailUrl\":\"https:\\\/\\\/sjomagasinet.se\\\/wp-content\\\/uploads\\\/2026\\\/01\\\/Gastspel-Charles-Heidsieck.jpg\",\"datePublished\":\"2026-01-28T12:03:32+00:00\",\"dateModified\":\"2026-01-28T12:11:38+00:00\",\"breadcrumb\":{\"@id\":\"https:\\\/\\\/sjomagasinet.se\\\/events\\\/gastspel-charles-heidsieck\\\/#breadcrumb\"},\"inLanguage\":\"en-GB\",\"potentialAction\":[{\"@type\":\"ReadAction\",\"target\":[\"https:\\\/\\\/sjomagasinet.se\\\/events\\\/gastspel-charles-heidsieck\\\/\"]}]},{\"@type\":\"ImageObject\",\"inLanguage\":\"en-GB\",\"@id\":\"https:\\\/\\\/sjomagasinet.se\\\/events\\\/gastspel-charles-heidsieck\\\/#primaryimage\",\"url\":\"https:\\\/\\\/sjomagasinet.se\\\/wp-content\\\/uploads\\\/2026\\\/01\\\/Gastspel-Charles-Heidsieck.jpg\",\"contentUrl\":\"https:\\\/\\\/sjomagasinet.se\\\/wp-content\\\/uploads\\\/2026\\\/01\\\/Gastspel-Charles-Heidsieck.jpg\",\"width\":1200,\"height\":675},{\"@type\":\"BreadcrumbList\",\"@id\":\"https:\\\/\\\/sjomagasinet.se\\\/events\\\/gastspel-charles-heidsieck\\\/#breadcrumb\",\"itemListElement\":[{\"@type\":\"ListItem\",\"position\":1,\"name\":\"Hem\",\"item\":\"https:\\\/\\\/sjomagasinet.se\\\/\"},{\"@type\":\"ListItem\",\"position\":2,\"name\":\"Events\",\"item\":\"https:\\\/\\\/sjomagasinet.se\\\/events\\\/\"},{\"@type\":\"ListItem\",\"position\":3,\"name\":\"G\u00e4stspel &#8211; Charles Heidsieck\"}]},{\"@type\":\"WebSite\",\"@id\":\"https:\\\/\\\/sjomagasinet.se\\\/#website\",\"url\":\"https:\\\/\\\/sjomagasinet.se\\\/\",\"name\":\"Sj\u00f6magasinet\",\"description\":\"Restaurang med passion f\u00f6r fisk och skaldjur\",\"publisher\":{\"@id\":\"https:\\\/\\\/sjomagasinet.se\\\/#organization\"},\"potentialAction\":[{\"@type\":\"SearchAction\",\"target\":{\"@type\":\"EntryPoint\",\"urlTemplate\":\"https:\\\/\\\/sjomagasinet.se\\\/?s={search_term_string}\"},\"query-input\":{\"@type\":\"PropertyValueSpecification\",\"valueRequired\":true,\"valueName\":\"search_term_string\"}}],\"inLanguage\":\"en-GB\"},{\"@type\":[\"Organization\",\"Place\"],\"@id\":\"https:\\\/\\\/sjomagasinet.se\\\/#organization\",\"name\":\"Sj\u00f6magasinet\",\"url\":\"https:\\\/\\\/sjomagasinet.se\\\/\",\"logo\":{\"@id\":\"https:\\\/\\\/sjomagasinet.se\\\/events\\\/gastspel-charles-heidsieck\\\/#local-main-organization-logo\"},\"image\":{\"@id\":\"https:\\\/\\\/sjomagasinet.se\\\/events\\\/gastspel-charles-heidsieck\\\/#local-main-organization-logo\"},\"sameAs\":[\"https:\\\/\\\/www.facebook.com\\\/sjomagasinetgbg\",\"https:\\\/\\\/www.instagram.com\\\/sjomagasinet\\\/\",\"https:\\\/\\\/sv.wikipedia.org\\\/wiki\\\/Sj\u00f6magasinet\"],\"address\":{\"@id\":\"https:\\\/\\\/sjomagasinet.se\\\/events\\\/gastspel-charles-heidsieck\\\/#local-main-place-address\"},\"telephone\":[\"031-775 59 20\"],\"openingHoursSpecification\":[{\"@type\":\"OpeningHoursSpecification\",\"dayOfWeek\":[\"Monday\",\"Tuesday\",\"Wednesday\",\"Thursday\",\"Friday\",\"Saturday\",\"Sunday\"],\"opens\":\"11:30\",\"closes\":\"23:00\"}],\"email\":\"info@sjomagasinet.se\",\"areaServed\":\"Sverige\",\"vatID\":\"559227-1836\"},{\"@type\":\"PostalAddress\",\"@id\":\"https:\\\/\\\/sjomagasinet.se\\\/events\\\/gastspel-charles-heidsieck\\\/#local-main-place-address\",\"streetAddress\":\"Adolf Edelsv\u00e4rds gata 5\",\"addressLocality\":\"G\u00f6teborg\",\"postalCode\":\"41451\",\"addressCountry\":\"SE\"},{\"@type\":\"ImageObject\",\"inLanguage\":\"en-GB\",\"@id\":\"https:\\\/\\\/sjomagasinet.se\\\/events\\\/gastspel-charles-heidsieck\\\/#local-main-organization-logo\",\"url\":\"https:\\\/\\\/sjomagasinet.se\\\/wp-content\\\/uploads\\\/2022\\\/04\\\/logo-wc.png\",\"contentUrl\":\"https:\\\/\\\/sjomagasinet.se\\\/wp-content\\\/uploads\\\/2022\\\/04\\\/logo-wc.png\",\"width\":341,\"height\":117,\"caption\":\"Sj\u00f6magasinet\"}]}<\/script>\n<meta name=\"geo.placename\" content=\"G\u00f6teborg\" \/>\n<meta name=\"geo.region\" content=\"Sweden\" \/>\n<!-- \/ Yoast SEO plugin. -->","yoast_head_json":{"title":"G\u00e4stspel - Charles Heidsieck | Sj\u00f6magasinet","robots":{"index":"index","follow":"follow","max-snippet":"max-snippet:-1","max-image-preview":"max-image-preview:large","max-video-preview":"max-video-preview:-1"},"canonical":"https:\/\/sjomagasinet.se\/en\/events\/gastspel-charles-heidsieck\/","og_locale":"en_GB","og_type":"article","og_title":"G\u00e4stspel - Charles Heidsieck | Sj\u00f6magasinet","og_description":"G\u00e4stspel &#8211; Charles Heidsieck Champagne Den 12 mars kl 18:00 bjuder vi in till en exklusiv middag i ett samarbete mellan Sj\u00f6magasinet och Charles Heidsieck Champagne. Den 12 mars f\u00e5r Sj\u00f6magasinet hedrande bes\u00f6k av Maxime Watelet fr\u00e5n Charles Heidsieck Champagne. Tillsammans med deras finaste cuv\u00e9er och det b\u00e4sta ur Sj\u00f6magasinets k\u00f6k borgar detta f\u00f6r en [&hellip;]","og_url":"https:\/\/sjomagasinet.se\/en\/events\/gastspel-charles-heidsieck\/","og_site_name":"Sj\u00f6magasinet","article_publisher":"https:\/\/www.facebook.com\/sjomagasinetgbg","article_modified_time":"2026-01-28T12:11:38+00:00","og_image":[{"width":1200,"height":675,"url":"https:\/\/sjomagasinet.se\/wp-content\/uploads\/2026\/01\/Gastspel-Charles-Heidsieck.jpg","type":"image\/jpeg"}],"twitter_card":"summary_large_image","twitter_misc":{"Estimated reading time":"1 minute"},"schema":{"@context":"https:\/\/schema.org","@graph":[{"@type":"WebPage","@id":"https:\/\/sjomagasinet.se\/events\/gastspel-charles-heidsieck\/","url":"https:\/\/sjomagasinet.se\/events\/gastspel-charles-heidsieck\/","name":"G\u00e4stspel - Charles Heidsieck | Sj\u00f6magasinet","isPartOf":{"@id":"https:\/\/sjomagasinet.se\/#website"},"primaryImageOfPage":{"@id":"https:\/\/sjomagasinet.se\/events\/gastspel-charles-heidsieck\/#primaryimage"},"image":{"@id":"https:\/\/sjomagasinet.se\/events\/gastspel-charles-heidsieck\/#primaryimage"},"thumbnailUrl":"https:\/\/sjomagasinet.se\/wp-content\/uploads\/2026\/01\/Gastspel-Charles-Heidsieck.jpg","datePublished":"2026-01-28T12:03:32+00:00","dateModified":"2026-01-28T12:11:38+00:00","breadcrumb":{"@id":"https:\/\/sjomagasinet.se\/events\/gastspel-charles-heidsieck\/#breadcrumb"},"inLanguage":"en-GB","potentialAction":[{"@type":"ReadAction","target":["https:\/\/sjomagasinet.se\/events\/gastspel-charles-heidsieck\/"]}]},{"@type":"ImageObject","inLanguage":"en-GB","@id":"https:\/\/sjomagasinet.se\/events\/gastspel-charles-heidsieck\/#primaryimage","url":"https:\/\/sjomagasinet.se\/wp-content\/uploads\/2026\/01\/Gastspel-Charles-Heidsieck.jpg","contentUrl":"https:\/\/sjomagasinet.se\/wp-content\/uploads\/2026\/01\/Gastspel-Charles-Heidsieck.jpg","width":1200,"height":675},{"@type":"BreadcrumbList","@id":"https:\/\/sjomagasinet.se\/events\/gastspel-charles-heidsieck\/#breadcrumb","itemListElement":[{"@type":"ListItem","position":1,"name":"Hem","item":"https:\/\/sjomagasinet.se\/"},{"@type":"ListItem","position":2,"name":"Events","item":"https:\/\/sjomagasinet.se\/events\/"},{"@type":"ListItem","position":3,"name":"G\u00e4stspel &#8211; Charles Heidsieck"}]},{"@type":"WebSite","@id":"https:\/\/sjomagasinet.se\/#website","url":"https:\/\/sjomagasinet.se\/","name":"Sj\u00f6magasinet","description":"Restaurang med passion f\u00f6r fisk och skaldjur","publisher":{"@id":"https:\/\/sjomagasinet.se\/#organization"},"potentialAction":[{"@type":"SearchAction","target":{"@type":"EntryPoint","urlTemplate":"https:\/\/sjomagasinet.se\/?s={search_term_string}"},"query-input":{"@type":"PropertyValueSpecification","valueRequired":true,"valueName":"search_term_string"}}],"inLanguage":"en-GB"},{"@type":["Organization","Place"],"@id":"https:\/\/sjomagasinet.se\/#organization","name":"Sj\u00f6magasinet","url":"https:\/\/sjomagasinet.se\/","logo":{"@id":"https:\/\/sjomagasinet.se\/events\/gastspel-charles-heidsieck\/#local-main-organization-logo"},"image":{"@id":"https:\/\/sjomagasinet.se\/events\/gastspel-charles-heidsieck\/#local-main-organization-logo"},"sameAs":["https:\/\/www.facebook.com\/sjomagasinetgbg","https:\/\/www.instagram.com\/sjomagasinet\/","https:\/\/sv.wikipedia.org\/wiki\/Sj\u00f6magasinet"],"address":{"@id":"https:\/\/sjomagasinet.se\/events\/gastspel-charles-heidsieck\/#local-main-place-address"},"telephone":["031-775 59 20"],"openingHoursSpecification":[{"@type":"OpeningHoursSpecification","dayOfWeek":["Monday","Tuesday","Wednesday","Thursday","Friday","Saturday","Sunday"],"opens":"11:30","closes":"23:00"}],"email":"info@sjomagasinet.se","areaServed":"Sverige","vatID":"559227-1836"},{"@type":"PostalAddress","@id":"https:\/\/sjomagasinet.se\/events\/gastspel-charles-heidsieck\/#local-main-place-address","streetAddress":"Adolf Edelsv\u00e4rds gata 5","addressLocality":"G\u00f6teborg","postalCode":"41451","addressCountry":"SE"},{"@type":"ImageObject","inLanguage":"en-GB","@id":"https:\/\/sjomagasinet.se\/events\/gastspel-charles-heidsieck\/#local-main-organization-logo","url":"https:\/\/sjomagasinet.se\/wp-content\/uploads\/2022\/04\/logo-wc.png","contentUrl":"https:\/\/sjomagasinet.se\/wp-content\/uploads\/2022\/04\/logo-wc.png","width":341,"height":117,"caption":"Sj\u00f6magasinet"}]},"geo.placename":"G\u00f6teborg","geo.region":"Sweden"},"_links":{"self":[{"href":"https:\/\/sjomagasinet.se\/en\/wp-json\/wp\/v2\/pages\/5384","targetHints":{"allow":["GET"]}}],"collection":[{"href":"https:\/\/sjomagasinet.se\/en\/wp-json\/wp\/v2\/pages"}],"about":[{"href":"https:\/\/sjomagasinet.se\/en\/wp-json\/wp\/v2\/types\/page"}],"author":[{"embeddable":true,"href":"https:\/\/sjomagasinet.se\/en\/wp-json\/wp\/v2\/users\/1"}],"replies":[{"embeddable":true,"href":"https:\/\/sjomagasinet.se\/en\/wp-json\/wp\/v2\/comments?post=5384"}],"version-history":[{"count":10,"href":"https:\/\/sjomagasinet.se\/en\/wp-json\/wp\/v2\/pages\/5384\/revisions"}],"predecessor-version":[{"id":5396,"href":"https:\/\/sjomagasinet.se\/en\/wp-json\/wp\/v2\/pages\/5384\/revisions\/5396"}],"up":[{"embeddable":true,"href":"https:\/\/sjomagasinet.se\/en\/wp-json\/wp\/v2\/pages\/4903"}],"wp:featuredmedia":[{"embeddable":true,"href":"https:\/\/sjomagasinet.se\/en\/wp-json\/wp\/v2\/media\/5386"}],"wp:attachment":[{"href":"https:\/\/sjomagasinet.se\/en\/wp-json\/wp\/v2\/media?parent=5384"}],"curies":[{"name":"wp","href":"https:\/\/api.w.org\/{rel}","templated":true}]}}