{"id":5064,"date":"2025-07-22T11:48:59","date_gmt":"2025-07-22T09:48:59","guid":{"rendered":"https:\/\/sjomagasinet.se\/?page_id=5064"},"modified":"2025-08-19T14:55:45","modified_gmt":"2025-08-19T12:55:45","slug":"gastspel-fran-alsace-28-augusti","status":"publish","type":"page","link":"https:\/\/sjomagasinet.se\/en\/events\/gastspel-fran-alsace-28-augusti\/","title":{"rendered":"G\u00e4stspel fr\u00e5n Alsace (28 augusti)"},"content":{"rendered":"<div data-elementor-type=\"wp-page\" data-elementor-id=\"5064\" class=\"elementor elementor-5064\" data-elementor-post-type=\"page\">\n\t\t\t\t<div class=\"elementor-element elementor-element-4b37df6 e-flex e-con-boxed e-con e-parent\" data-id=\"4b37df6\" data-element_type=\"container\" data-e-type=\"container\" data-settings=\"{&quot;background_background&quot;:&quot;classic&quot;}\">\n\t\t\t\t\t<div class=\"e-con-inner\">\n\t\t<div class=\"elementor-element elementor-element-6e3dfc00 e-con-full e-flex e-con e-child\" data-id=\"6e3dfc00\" data-element_type=\"container\" data-e-type=\"container\" data-settings=\"{&quot;background_background&quot;:&quot;classic&quot;}\">\n\t\t\t\t<div class=\"elementor-element elementor-element-53dd829d elementor-widget elementor-widget-image\" data-id=\"53dd829d\" data-element_type=\"widget\" data-e-type=\"widget\" data-widget_type=\"image.default\">\n\t\t\t\t<div class=\"elementor-widget-container\">\n\t\t\t\t\t\t\t\t\t\t\t\t\t\t\t<img fetchpriority=\"high\" decoding=\"async\" width=\"800\" height=\"450\" src=\"https:\/\/sjomagasinet.se\/wp-content\/uploads\/2025\/07\/Alsace-x-Sjomagasinet-1024x576.jpg\" class=\"attachment-large size-large wp-image-5065\" alt=\"\" srcset=\"https:\/\/sjomagasinet.se\/wp-content\/uploads\/2025\/07\/Alsace-x-Sjomagasinet-1024x576.jpg 1024w, https:\/\/sjomagasinet.se\/wp-content\/uploads\/2025\/07\/Alsace-x-Sjomagasinet-300x169.jpg 300w, https:\/\/sjomagasinet.se\/wp-content\/uploads\/2025\/07\/Alsace-x-Sjomagasinet-768x432.jpg 768w, https:\/\/sjomagasinet.se\/wp-content\/uploads\/2025\/07\/Alsace-x-Sjomagasinet-18x10.jpg 18w, https:\/\/sjomagasinet.se\/wp-content\/uploads\/2025\/07\/Alsace-x-Sjomagasinet-600x338.jpg 600w, https:\/\/sjomagasinet.se\/wp-content\/uploads\/2025\/07\/Alsace-x-Sjomagasinet.jpg 1200w\" sizes=\"(max-width: 800px) 100vw, 800px\" \/>\t\t\t\t\t\t\t\t\t\t\t\t\t\t\t<\/div>\n\t\t\t\t<\/div>\n\t\t\t\t<div class=\"elementor-element elementor-element-70287972 elementor-widget elementor-widget-heading\" data-id=\"70287972\" data-element_type=\"widget\" data-e-type=\"widget\" data-widget_type=\"heading.default\">\n\t\t\t\t<div class=\"elementor-widget-container\">\n\t\t\t\t\t<h1 class=\"elementor-heading-title elementor-size-default\">G\u00e4stspel fr\u00e5n Alsace - Den 28 augusti (18.30) v\u00e4lkomnar vi er p\u00e5 en exklusiv middag i samarbete med Gustave Lorentz och Wardwines.<\/h1>\t\t\t\t<\/div>\n\t\t\t\t<\/div>\n\t\t\t\t<div class=\"elementor-element elementor-element-2fbac07 elementor-widget-divider--view-line elementor-widget elementor-widget-divider\" data-id=\"2fbac07\" data-element_type=\"widget\" data-e-type=\"widget\" data-widget_type=\"divider.default\">\n\t\t\t\t<div class=\"elementor-widget-container\">\n\t\t\t\t\t\t\t<div class=\"elementor-divider\">\n\t\t\t<span class=\"elementor-divider-separator\">\n\t\t\t\t\t\t<\/span>\n\t\t<\/div>\n\t\t\t\t\t\t<\/div>\n\t\t\t\t<\/div>\n\t\t\t\t<div class=\"elementor-element elementor-element-2aa3c14e elementor-widget elementor-widget-text-editor\" data-id=\"2aa3c14e\" data-element_type=\"widget\" data-e-type=\"widget\" data-widget_type=\"text-editor.default\">\n\t\t\t\t<div class=\"elementor-widget-container\">\n\t\t\t\t\t\t\t\t\t<p>V\u00e4lkommen till en of\u00f6rgl\u00f6mlig kv\u00e4ll n\u00e4r vi f\u00e5r bes\u00f6k av den franske stj\u00e4rnkocken Lo\u00efc Lefebvre fr\u00e5n L\u2019Atelier du Peintre i Colmar, Alsace.<\/p><p>Under kv\u00e4llen bjuds du p\u00e5 en femr\u00e4ttersmeny skapad av Chef Lefebvre \u2013 med inspiration fr\u00e5n en av Europas rikaste matkulturer \u2013 i kombination med Gustave Lorentz uts\u00f6kta viner, personligt presenterade av exportchef Pascale Schiele.<\/p><p>The number of seats is limited \u2013 don\u2019t miss this unique tasting experience!<\/p>\t\t\t\t\t\t\t\t<\/div>\n\t\t\t\t<\/div>\n\t\t\t\t<div class=\"elementor-element elementor-element-217a99bc elementor-align-justify elementor-mobile-align-justify elementor-widget elementor-widget-button\" data-id=\"217a99bc\" data-element_type=\"widget\" data-e-type=\"widget\" data-widget_type=\"button.default\">\n\t\t\t\t<div class=\"elementor-widget-container\">\n\t\t\t\t\t\t\t\t\t<div class=\"elementor-button-wrapper\">\n\t\t\t\t\t<a class=\"elementor-button elementor-button-link elementor-size-sm\" href=\"https:\/\/sjomagasinet.se\/en\/boka-bord\/\">\n\t\t\t\t\t\t<span class=\"elementor-button-content-wrapper\">\n\t\t\t\t\t\t\t\t\t<span class=\"elementor-button-text\">Book a table<\/span>\n\t\t\t\t\t<\/span>\n\t\t\t\t\t<\/a>\n\t\t\t\t<\/div>\n\t\t\t\t\t\t\t\t<\/div>\n\t\t\t\t<\/div>\n\t\t\t\t<div class=\"elementor-element elementor-element-db7d91c elementor-widget elementor-widget-text-editor\" data-id=\"db7d91c\" data-element_type=\"widget\" data-e-type=\"widget\" data-widget_type=\"text-editor.default\">\n\t\t\t\t<div class=\"elementor-widget-container\">\n\t\t\t\t\t\t\t\t\t<p><u>APERITIF &amp; FINGER FOOD<\/u><\/p>\n<p>Macaron Choucroute<\/p>\n<p>Tarte flamb\u00e9e<\/p>\n<p>Croquette d&#8217;escargot et ail des ours<\/p>\n<p>Bretzel alsacien<\/p>\n<p>Gustave Lorentz Cr\u00e9mant d\u2019Alsace Brut NV<\/p>\n<p><u>MENU (5 courses)<\/u><\/p>\n<p>Terrine de foie gras, figue, tapenade d&#8217;olive et jus de roquette<\/p>\n<p>Gustave Lorentz Pinot Gris Single Vineyard \u00ab\u202fSchofweg\u202f\u00bb 2019 Eko<\/p>\n<p>***<\/p>\n<p>Langoustine , framboise, concombre, lait de choucroute et vinaigre de rose<\/p>\n<p>Gustave Lorentz Riesling Single Vineyard \u00ab\u202fBurg\u202f\u00bb 2023 Eko<\/p>\n<p>***<\/p>\n<p>Omble chevalier en croute de pain, artichaut, pomme et aneth<\/p>\n<p>Gustave Lorentz Riesling Grand Cru Altenberg de Bergheim 2020 \u00ab\u202fVieilles Vignes\u202f\u00bb Eko<\/p>\n<p>***<\/p>\n<p>Carr\u00e9 d&#8217;agneau r\u00f4ti, \u00e9paule croustillante, aubergine lacqu\u00e9e \u00e0 la cacahu\u00e8te jus au vadouvan<\/p>\n<p>Gustave Lorentz Pinot Noir \u00ab\u202fEvidence\u202f\u00bb 2023 Eko<\/p>\n<p>***<\/p>\n<p>Fot\u00eat Noire contemporaine<\/p>\n<p>Gustave Lorentz Pinot Gris Grand Cru Kanzlerberg<\/p>\n<p>S\u00e9lection de Grains Nobles 2011<\/p><p>***<\/p>\n<p>Welcome,<\/p>\n<p>Mats Sj\u00f6lander<\/p>\t\t\t\t\t\t\t\t<\/div>\n\t\t\t\t<\/div>\n\t\t<div class=\"elementor-element elementor-element-1ee4f145 e-grid e-con-full e-con e-child\" data-id=\"1ee4f145\" data-element_type=\"container\" data-e-type=\"container\">\n\t\t\t\t<div class=\"elementor-element elementor-element-794f66c elementor-align-justify elementor-mobile-align-justify elementor-widget elementor-widget-button\" data-id=\"794f66c\" data-element_type=\"widget\" data-e-type=\"widget\" data-widget_type=\"button.default\">\n\t\t\t\t<div class=\"elementor-widget-container\">\n\t\t\t\t\t\t\t\t\t<div class=\"elementor-button-wrapper\">\n\t\t\t\t\t<a class=\"elementor-button elementor-button-link elementor-size-sm\" href=\"https:\/\/sjomagasinet.se\/en\/boka-bord\/\">\n\t\t\t\t\t\t<span class=\"elementor-button-content-wrapper\">\n\t\t\t\t\t\t\t\t\t<span class=\"elementor-button-text\">Book a table<\/span>\n\t\t\t\t\t<\/span>\n\t\t\t\t\t<\/a>\n\t\t\t\t<\/div>\n\t\t\t\t\t\t\t\t<\/div>\n\t\t\t\t<\/div>\n\t\t\t\t<\/div>\n\t\t\t\t<\/div>\n\t\t\t\t\t<\/div>\n\t\t\t\t<\/div>\n\t\t\t\t<\/div>","protected":false},"excerpt":{"rendered":"<p>G\u00e4stspel fr\u00e5n Alsace &#8211; Den 28 augusti (18.30) v\u00e4lkomnar vi er p\u00e5 en exklusiv middag i samarbete med Gustave Lorentz och Wardwines. V\u00e4lkommen till en of\u00f6rgl\u00f6mlig kv\u00e4ll n\u00e4r vi f\u00e5r bes\u00f6k av den franske stj\u00e4rnkocken Lo\u00efc Lefebvre fr\u00e5n L\u2019Atelier du Peintre i Colmar, Alsace. Under kv\u00e4llen bjuds du p\u00e5 en femr\u00e4ttersmeny skapad av Chef Lefebvre [&hellip;]<\/p>\n","protected":false},"author":1,"featured_media":5065,"parent":4903,"menu_order":0,"comment_status":"closed","ping_status":"closed","template":"","meta":{"footnotes":""},"class_list":["post-5064","page","type-page","status-publish","has-post-thumbnail","hentry"],"yoast_head":"<!-- This site is optimized with the Yoast SEO plugin v27.5 - https:\/\/yoast.com\/product\/yoast-seo-wordpress\/ -->\n<title>G\u00e4stspel fr\u00e5n Alsace (28 augusti) | Sj\u00f6magasinet<\/title>\n<meta name=\"robots\" content=\"index, follow, max-snippet:-1, max-image-preview:large, max-video-preview:-1\" \/>\n<link rel=\"canonical\" href=\"https:\/\/sjomagasinet.se\/en\/events\/gastspel-fran-alsace-28-augusti\/\" \/>\n<meta property=\"og:locale\" content=\"en_GB\" \/>\n<meta property=\"og:type\" content=\"article\" \/>\n<meta property=\"og:title\" content=\"G\u00e4stspel fr\u00e5n Alsace (28 augusti) | Sj\u00f6magasinet\" \/>\n<meta property=\"og:description\" content=\"G\u00e4stspel fr\u00e5n Alsace &#8211; Den 28 augusti (18.30) v\u00e4lkomnar vi er p\u00e5 en exklusiv middag i samarbete med Gustave Lorentz och Wardwines. V\u00e4lkommen till en of\u00f6rgl\u00f6mlig kv\u00e4ll n\u00e4r vi f\u00e5r bes\u00f6k av den franske stj\u00e4rnkocken Lo\u00efc Lefebvre fr\u00e5n L\u2019Atelier du Peintre i Colmar, Alsace. Under kv\u00e4llen bjuds du p\u00e5 en femr\u00e4ttersmeny skapad av Chef Lefebvre [&hellip;]\" \/>\n<meta property=\"og:url\" content=\"https:\/\/sjomagasinet.se\/en\/events\/gastspel-fran-alsace-28-augusti\/\" \/>\n<meta property=\"og:site_name\" content=\"Sj\u00f6magasinet\" \/>\n<meta property=\"article:publisher\" content=\"https:\/\/www.facebook.com\/sjomagasinetgbg\" \/>\n<meta property=\"article:modified_time\" content=\"2025-08-19T12:55:45+00:00\" \/>\n<meta property=\"og:image\" content=\"https:\/\/sjomagasinet.se\/wp-content\/uploads\/2025\/07\/Alsace-x-Sjomagasinet.jpg\" \/>\n\t<meta property=\"og:image:width\" content=\"1200\" \/>\n\t<meta property=\"og:image:height\" content=\"675\" \/>\n\t<meta property=\"og:image:type\" content=\"image\/jpeg\" \/>\n<meta name=\"twitter:card\" content=\"summary_large_image\" \/>\n<meta name=\"twitter:label1\" content=\"Estimated reading time\" \/>\n\t<meta name=\"twitter:data1\" content=\"1 minute\" \/>\n<script type=\"application\/ld+json\" class=\"yoast-schema-graph\">{\"@context\":\"https:\\\/\\\/schema.org\",\"@graph\":[{\"@type\":\"WebPage\",\"@id\":\"https:\\\/\\\/sjomagasinet.se\\\/events\\\/gastspel-fran-alsace-28-augusti\\\/\",\"url\":\"https:\\\/\\\/sjomagasinet.se\\\/events\\\/gastspel-fran-alsace-28-augusti\\\/\",\"name\":\"G\u00e4stspel fr\u00e5n Alsace (28 augusti) | Sj\u00f6magasinet\",\"isPartOf\":{\"@id\":\"https:\\\/\\\/sjomagasinet.se\\\/#website\"},\"primaryImageOfPage\":{\"@id\":\"https:\\\/\\\/sjomagasinet.se\\\/events\\\/gastspel-fran-alsace-28-augusti\\\/#primaryimage\"},\"image\":{\"@id\":\"https:\\\/\\\/sjomagasinet.se\\\/events\\\/gastspel-fran-alsace-28-augusti\\\/#primaryimage\"},\"thumbnailUrl\":\"https:\\\/\\\/sjomagasinet.se\\\/wp-content\\\/uploads\\\/2025\\\/07\\\/Alsace-x-Sjomagasinet.jpg\",\"datePublished\":\"2025-07-22T09:48:59+00:00\",\"dateModified\":\"2025-08-19T12:55:45+00:00\",\"breadcrumb\":{\"@id\":\"https:\\\/\\\/sjomagasinet.se\\\/events\\\/gastspel-fran-alsace-28-augusti\\\/#breadcrumb\"},\"inLanguage\":\"en-GB\",\"potentialAction\":[{\"@type\":\"ReadAction\",\"target\":[\"https:\\\/\\\/sjomagasinet.se\\\/events\\\/gastspel-fran-alsace-28-augusti\\\/\"]}]},{\"@type\":\"ImageObject\",\"inLanguage\":\"en-GB\",\"@id\":\"https:\\\/\\\/sjomagasinet.se\\\/events\\\/gastspel-fran-alsace-28-augusti\\\/#primaryimage\",\"url\":\"https:\\\/\\\/sjomagasinet.se\\\/wp-content\\\/uploads\\\/2025\\\/07\\\/Alsace-x-Sjomagasinet.jpg\",\"contentUrl\":\"https:\\\/\\\/sjomagasinet.se\\\/wp-content\\\/uploads\\\/2025\\\/07\\\/Alsace-x-Sjomagasinet.jpg\",\"width\":1200,\"height\":675},{\"@type\":\"BreadcrumbList\",\"@id\":\"https:\\\/\\\/sjomagasinet.se\\\/events\\\/gastspel-fran-alsace-28-augusti\\\/#breadcrumb\",\"itemListElement\":[{\"@type\":\"ListItem\",\"position\":1,\"name\":\"Hem\",\"item\":\"https:\\\/\\\/sjomagasinet.se\\\/\"},{\"@type\":\"ListItem\",\"position\":2,\"name\":\"Events\",\"item\":\"https:\\\/\\\/sjomagasinet.se\\\/events\\\/\"},{\"@type\":\"ListItem\",\"position\":3,\"name\":\"G\u00e4stspel fr\u00e5n Alsace (28 augusti)\"}]},{\"@type\":\"WebSite\",\"@id\":\"https:\\\/\\\/sjomagasinet.se\\\/#website\",\"url\":\"https:\\\/\\\/sjomagasinet.se\\\/\",\"name\":\"Sj\u00f6magasinet\",\"description\":\"Restaurang med passion f\u00f6r fisk och skaldjur\",\"publisher\":{\"@id\":\"https:\\\/\\\/sjomagasinet.se\\\/#organization\"},\"potentialAction\":[{\"@type\":\"SearchAction\",\"target\":{\"@type\":\"EntryPoint\",\"urlTemplate\":\"https:\\\/\\\/sjomagasinet.se\\\/?s={search_term_string}\"},\"query-input\":{\"@type\":\"PropertyValueSpecification\",\"valueRequired\":true,\"valueName\":\"search_term_string\"}}],\"inLanguage\":\"en-GB\"},{\"@type\":[\"Organization\",\"Place\"],\"@id\":\"https:\\\/\\\/sjomagasinet.se\\\/#organization\",\"name\":\"Sj\u00f6magasinet\",\"url\":\"https:\\\/\\\/sjomagasinet.se\\\/\",\"logo\":{\"@id\":\"https:\\\/\\\/sjomagasinet.se\\\/events\\\/gastspel-fran-alsace-28-augusti\\\/#local-main-organization-logo\"},\"image\":{\"@id\":\"https:\\\/\\\/sjomagasinet.se\\\/events\\\/gastspel-fran-alsace-28-augusti\\\/#local-main-organization-logo\"},\"sameAs\":[\"https:\\\/\\\/www.facebook.com\\\/sjomagasinetgbg\",\"https:\\\/\\\/www.instagram.com\\\/sjomagasinet\\\/\",\"https:\\\/\\\/sv.wikipedia.org\\\/wiki\\\/Sj\u00f6magasinet\"],\"address\":{\"@id\":\"https:\\\/\\\/sjomagasinet.se\\\/events\\\/gastspel-fran-alsace-28-augusti\\\/#local-main-place-address\"},\"telephone\":[\"031-775 59 20\"],\"openingHoursSpecification\":[{\"@type\":\"OpeningHoursSpecification\",\"dayOfWeek\":[\"Monday\",\"Tuesday\",\"Wednesday\",\"Thursday\",\"Friday\",\"Saturday\",\"Sunday\"],\"opens\":\"11:30\",\"closes\":\"23:00\"}],\"email\":\"info@sjomagasinet.se\",\"areaServed\":\"Sverige\",\"vatID\":\"559227-1836\"},{\"@type\":\"PostalAddress\",\"@id\":\"https:\\\/\\\/sjomagasinet.se\\\/events\\\/gastspel-fran-alsace-28-augusti\\\/#local-main-place-address\",\"streetAddress\":\"Adolf Edelsv\u00e4rds gata 5\",\"addressLocality\":\"G\u00f6teborg\",\"postalCode\":\"41451\",\"addressCountry\":\"SE\"},{\"@type\":\"ImageObject\",\"inLanguage\":\"en-GB\",\"@id\":\"https:\\\/\\\/sjomagasinet.se\\\/events\\\/gastspel-fran-alsace-28-augusti\\\/#local-main-organization-logo\",\"url\":\"https:\\\/\\\/sjomagasinet.se\\\/wp-content\\\/uploads\\\/2022\\\/04\\\/logo-wc.png\",\"contentUrl\":\"https:\\\/\\\/sjomagasinet.se\\\/wp-content\\\/uploads\\\/2022\\\/04\\\/logo-wc.png\",\"width\":341,\"height\":117,\"caption\":\"Sj\u00f6magasinet\"}]}<\/script>\n<meta name=\"geo.placename\" content=\"G\u00f6teborg\" \/>\n<meta name=\"geo.region\" content=\"Sweden\" \/>\n<!-- \/ Yoast SEO plugin. -->","yoast_head_json":{"title":"G\u00e4stspel fr\u00e5n Alsace (28 augusti) | Sj\u00f6magasinet","robots":{"index":"index","follow":"follow","max-snippet":"max-snippet:-1","max-image-preview":"max-image-preview:large","max-video-preview":"max-video-preview:-1"},"canonical":"https:\/\/sjomagasinet.se\/en\/events\/gastspel-fran-alsace-28-augusti\/","og_locale":"en_GB","og_type":"article","og_title":"G\u00e4stspel fr\u00e5n Alsace (28 augusti) | Sj\u00f6magasinet","og_description":"G\u00e4stspel fr\u00e5n Alsace &#8211; Den 28 augusti (18.30) v\u00e4lkomnar vi er p\u00e5 en exklusiv middag i samarbete med Gustave Lorentz och Wardwines. V\u00e4lkommen till en of\u00f6rgl\u00f6mlig kv\u00e4ll n\u00e4r vi f\u00e5r bes\u00f6k av den franske stj\u00e4rnkocken Lo\u00efc Lefebvre fr\u00e5n L\u2019Atelier du Peintre i Colmar, Alsace. Under kv\u00e4llen bjuds du p\u00e5 en femr\u00e4ttersmeny skapad av Chef Lefebvre [&hellip;]","og_url":"https:\/\/sjomagasinet.se\/en\/events\/gastspel-fran-alsace-28-augusti\/","og_site_name":"Sj\u00f6magasinet","article_publisher":"https:\/\/www.facebook.com\/sjomagasinetgbg","article_modified_time":"2025-08-19T12:55:45+00:00","og_image":[{"width":1200,"height":675,"url":"https:\/\/sjomagasinet.se\/wp-content\/uploads\/2025\/07\/Alsace-x-Sjomagasinet.jpg","type":"image\/jpeg"}],"twitter_card":"summary_large_image","twitter_misc":{"Estimated reading time":"1 minute"},"schema":{"@context":"https:\/\/schema.org","@graph":[{"@type":"WebPage","@id":"https:\/\/sjomagasinet.se\/events\/gastspel-fran-alsace-28-augusti\/","url":"https:\/\/sjomagasinet.se\/events\/gastspel-fran-alsace-28-augusti\/","name":"G\u00e4stspel fr\u00e5n Alsace (28 augusti) | Sj\u00f6magasinet","isPartOf":{"@id":"https:\/\/sjomagasinet.se\/#website"},"primaryImageOfPage":{"@id":"https:\/\/sjomagasinet.se\/events\/gastspel-fran-alsace-28-augusti\/#primaryimage"},"image":{"@id":"https:\/\/sjomagasinet.se\/events\/gastspel-fran-alsace-28-augusti\/#primaryimage"},"thumbnailUrl":"https:\/\/sjomagasinet.se\/wp-content\/uploads\/2025\/07\/Alsace-x-Sjomagasinet.jpg","datePublished":"2025-07-22T09:48:59+00:00","dateModified":"2025-08-19T12:55:45+00:00","breadcrumb":{"@id":"https:\/\/sjomagasinet.se\/events\/gastspel-fran-alsace-28-augusti\/#breadcrumb"},"inLanguage":"en-GB","potentialAction":[{"@type":"ReadAction","target":["https:\/\/sjomagasinet.se\/events\/gastspel-fran-alsace-28-augusti\/"]}]},{"@type":"ImageObject","inLanguage":"en-GB","@id":"https:\/\/sjomagasinet.se\/events\/gastspel-fran-alsace-28-augusti\/#primaryimage","url":"https:\/\/sjomagasinet.se\/wp-content\/uploads\/2025\/07\/Alsace-x-Sjomagasinet.jpg","contentUrl":"https:\/\/sjomagasinet.se\/wp-content\/uploads\/2025\/07\/Alsace-x-Sjomagasinet.jpg","width":1200,"height":675},{"@type":"BreadcrumbList","@id":"https:\/\/sjomagasinet.se\/events\/gastspel-fran-alsace-28-augusti\/#breadcrumb","itemListElement":[{"@type":"ListItem","position":1,"name":"Hem","item":"https:\/\/sjomagasinet.se\/"},{"@type":"ListItem","position":2,"name":"Events","item":"https:\/\/sjomagasinet.se\/events\/"},{"@type":"ListItem","position":3,"name":"G\u00e4stspel fr\u00e5n Alsace (28 augusti)"}]},{"@type":"WebSite","@id":"https:\/\/sjomagasinet.se\/#website","url":"https:\/\/sjomagasinet.se\/","name":"Sj\u00f6magasinet","description":"Restaurang med passion f\u00f6r fisk och skaldjur","publisher":{"@id":"https:\/\/sjomagasinet.se\/#organization"},"potentialAction":[{"@type":"SearchAction","target":{"@type":"EntryPoint","urlTemplate":"https:\/\/sjomagasinet.se\/?s={search_term_string}"},"query-input":{"@type":"PropertyValueSpecification","valueRequired":true,"valueName":"search_term_string"}}],"inLanguage":"en-GB"},{"@type":["Organization","Place"],"@id":"https:\/\/sjomagasinet.se\/#organization","name":"Sj\u00f6magasinet","url":"https:\/\/sjomagasinet.se\/","logo":{"@id":"https:\/\/sjomagasinet.se\/events\/gastspel-fran-alsace-28-augusti\/#local-main-organization-logo"},"image":{"@id":"https:\/\/sjomagasinet.se\/events\/gastspel-fran-alsace-28-augusti\/#local-main-organization-logo"},"sameAs":["https:\/\/www.facebook.com\/sjomagasinetgbg","https:\/\/www.instagram.com\/sjomagasinet\/","https:\/\/sv.wikipedia.org\/wiki\/Sj\u00f6magasinet"],"address":{"@id":"https:\/\/sjomagasinet.se\/events\/gastspel-fran-alsace-28-augusti\/#local-main-place-address"},"telephone":["031-775 59 20"],"openingHoursSpecification":[{"@type":"OpeningHoursSpecification","dayOfWeek":["Monday","Tuesday","Wednesday","Thursday","Friday","Saturday","Sunday"],"opens":"11:30","closes":"23:00"}],"email":"info@sjomagasinet.se","areaServed":"Sverige","vatID":"559227-1836"},{"@type":"PostalAddress","@id":"https:\/\/sjomagasinet.se\/events\/gastspel-fran-alsace-28-augusti\/#local-main-place-address","streetAddress":"Adolf Edelsv\u00e4rds gata 5","addressLocality":"G\u00f6teborg","postalCode":"41451","addressCountry":"SE"},{"@type":"ImageObject","inLanguage":"en-GB","@id":"https:\/\/sjomagasinet.se\/events\/gastspel-fran-alsace-28-augusti\/#local-main-organization-logo","url":"https:\/\/sjomagasinet.se\/wp-content\/uploads\/2022\/04\/logo-wc.png","contentUrl":"https:\/\/sjomagasinet.se\/wp-content\/uploads\/2022\/04\/logo-wc.png","width":341,"height":117,"caption":"Sj\u00f6magasinet"}]},"geo.placename":"G\u00f6teborg","geo.region":"Sweden"},"_links":{"self":[{"href":"https:\/\/sjomagasinet.se\/en\/wp-json\/wp\/v2\/pages\/5064","targetHints":{"allow":["GET"]}}],"collection":[{"href":"https:\/\/sjomagasinet.se\/en\/wp-json\/wp\/v2\/pages"}],"about":[{"href":"https:\/\/sjomagasinet.se\/en\/wp-json\/wp\/v2\/types\/page"}],"author":[{"embeddable":true,"href":"https:\/\/sjomagasinet.se\/en\/wp-json\/wp\/v2\/users\/1"}],"replies":[{"embeddable":true,"href":"https:\/\/sjomagasinet.se\/en\/wp-json\/wp\/v2\/comments?post=5064"}],"version-history":[{"count":13,"href":"https:\/\/sjomagasinet.se\/en\/wp-json\/wp\/v2\/pages\/5064\/revisions"}],"predecessor-version":[{"id":5158,"href":"https:\/\/sjomagasinet.se\/en\/wp-json\/wp\/v2\/pages\/5064\/revisions\/5158"}],"up":[{"embeddable":true,"href":"https:\/\/sjomagasinet.se\/en\/wp-json\/wp\/v2\/pages\/4903"}],"wp:featuredmedia":[{"embeddable":true,"href":"https:\/\/sjomagasinet.se\/en\/wp-json\/wp\/v2\/media\/5065"}],"wp:attachment":[{"href":"https:\/\/sjomagasinet.se\/en\/wp-json\/wp\/v2\/media?parent=5064"}],"curies":[{"name":"wp","href":"https:\/\/api.w.org\/{rel}","templated":true}]}}