{"id":4911,"date":"2025-03-14T10:39:47","date_gmt":"2025-03-14T09:39:47","guid":{"rendered":"https:\/\/sjomagasinet.se\/?page_id=4911"},"modified":"2025-03-14T11:09:55","modified_gmt":"2025-03-14T10:09:55","slug":"en-exklusiv-afton-pa-sjomagasinet-29-april","status":"publish","type":"page","link":"https:\/\/sjomagasinet.se\/en\/events\/en-exklusiv-afton-pa-sjomagasinet-29-april\/","title":{"rendered":"En exklusiv afton p\u00e5 Sj\u00f6magasinet (29 april)"},"content":{"rendered":"<div data-elementor-type=\"wp-page\" data-elementor-id=\"4911\" class=\"elementor elementor-4911\" data-elementor-post-type=\"page\">\n\t\t\t\t<div class=\"elementor-element elementor-element-21988a1 e-flex e-con-boxed e-con e-parent\" data-id=\"21988a1\" data-element_type=\"container\" data-e-type=\"container\" data-settings=\"{&quot;background_background&quot;:&quot;classic&quot;}\">\n\t\t\t\t\t<div class=\"e-con-inner\">\n\t\t<div class=\"elementor-element elementor-element-9927a2f e-con-full e-flex e-con e-child\" data-id=\"9927a2f\" data-element_type=\"container\" data-e-type=\"container\" data-settings=\"{&quot;background_background&quot;:&quot;classic&quot;}\">\n\t\t\t\t<div class=\"elementor-element elementor-element-f69e42c elementor-widget elementor-widget-image\" data-id=\"f69e42c\" data-element_type=\"widget\" data-e-type=\"widget\" data-widget_type=\"image.default\">\n\t\t\t\t<div class=\"elementor-widget-container\">\n\t\t\t\t\t\t\t\t\t\t\t\t\t\t\t<img fetchpriority=\"high\" decoding=\"async\" width=\"800\" height=\"600\" src=\"https:\/\/sjomagasinet.se\/wp-content\/uploads\/2025\/03\/processed-9A878C4E-237D-4BD4-B931-066EDC3E7E9F-1024x768.jpeg\" class=\"attachment-large size-large wp-image-4901\" alt=\"\" srcset=\"https:\/\/sjomagasinet.se\/wp-content\/uploads\/2025\/03\/processed-9A878C4E-237D-4BD4-B931-066EDC3E7E9F-1024x768.jpeg 1024w, https:\/\/sjomagasinet.se\/wp-content\/uploads\/2025\/03\/processed-9A878C4E-237D-4BD4-B931-066EDC3E7E9F-300x225.jpeg 300w, https:\/\/sjomagasinet.se\/wp-content\/uploads\/2025\/03\/processed-9A878C4E-237D-4BD4-B931-066EDC3E7E9F-768x576.jpeg 768w, https:\/\/sjomagasinet.se\/wp-content\/uploads\/2025\/03\/processed-9A878C4E-237D-4BD4-B931-066EDC3E7E9F-16x12.jpeg 16w, https:\/\/sjomagasinet.se\/wp-content\/uploads\/2025\/03\/processed-9A878C4E-237D-4BD4-B931-066EDC3E7E9F-600x450.jpeg 600w, https:\/\/sjomagasinet.se\/wp-content\/uploads\/2025\/03\/processed-9A878C4E-237D-4BD4-B931-066EDC3E7E9F.jpeg 1200w\" sizes=\"(max-width: 800px) 100vw, 800px\" \/>\t\t\t\t\t\t\t\t\t\t\t\t\t\t\t<\/div>\n\t\t\t\t<\/div>\n\t\t\t\t<div class=\"elementor-element elementor-element-42fa526 elementor-widget elementor-widget-heading\" data-id=\"42fa526\" data-element_type=\"widget\" data-e-type=\"widget\" data-widget_type=\"heading.default\">\n\t\t\t\t<div class=\"elementor-widget-container\">\n\t\t\t\t\t<h1 class=\"elementor-heading-title elementor-size-default\">En exklusiv afton p\u00e5 Sj\u00f6magasinet (29 april)<\/h1>\t\t\t\t<\/div>\n\t\t\t\t<\/div>\n\t\t\t\t<div class=\"elementor-element elementor-element-ec629fa elementor-widget-divider--view-line elementor-widget elementor-widget-divider\" data-id=\"ec629fa\" data-element_type=\"widget\" data-e-type=\"widget\" data-widget_type=\"divider.default\">\n\t\t\t\t<div class=\"elementor-widget-container\">\n\t\t\t\t\t\t\t<div class=\"elementor-divider\">\n\t\t\t<span class=\"elementor-divider-separator\">\n\t\t\t\t\t\t<\/span>\n\t\t<\/div>\n\t\t\t\t\t\t<\/div>\n\t\t\t\t<\/div>\n\t\t\t\t<div class=\"elementor-element elementor-element-6d6c5de elementor-widget elementor-widget-text-editor\" data-id=\"6d6c5de\" data-element_type=\"widget\" data-e-type=\"widget\" data-widget_type=\"text-editor.default\">\n\t\t\t\t<div class=\"elementor-widget-container\">\n\t\t\t\t\t\t\t\t\t<p>Vi har gl\u00e4djen att bjuda in dig till en of\u00f6rgl\u00f6mlig kv\u00e4ll d\u00e4r gastronomi och hantverk m\u00f6ts i en uts\u00f6kt symfoni av smaker.<\/p>\n<ul>\n<li>Datum: 29 april<\/li>\n<li>Tid: 18.00<\/li>\n<li>Plats: Sj\u00f6magasinet<br><br><\/li>\n<\/ul>\n<p>Kv\u00e4llen bjuder p\u00e5 en femr\u00e4tters meny, noggrant komponerad f\u00f6r att ackompanjera de eleganta champagnerna fr\u00e5n Nicolas Feuillatte.<\/p>\n<p>H\u00f6jdpunkter:<\/p>\n<ul>\n<li>Lotta Klemming, en av Sveriges fr\u00e4msta ostrondykare, presenterar sina exklusiva ostron och delar med sig av sin passion och kunskap.<\/li>\n<li>Vinmakaren fr\u00e5n Nicolas Feuillatte guidar oss genom champagnernas v\u00e4rld och l\u00e5ter oss uppt\u00e4cka nyanserna i varje bubblande glas.<br><br><\/li>\n<\/ul>\n<p>L\u00e5t dig svepas med av en kv\u00e4ll fylld av f\u00f6rstklassig mat, uts\u00f6kt champagne och inspirerande ber\u00e4ttelser i en st\u00e4mningsfull milj\u00f6.<\/p>\n<p>Begr\u00e4nsat antal platser \u2013 s\u00e4kra din plats redan idag. Betalning sker i samband med bokning&nbsp;&nbsp;<\/p>\n<p>Vi ser fram emot att v\u00e4lkomna dig till en kv\u00e4ll av lyx och njutning.<\/p>\t\t\t\t\t\t\t\t<\/div>\n\t\t\t\t<\/div>\n\t\t<div class=\"elementor-element elementor-element-581fa00 e-grid e-con-full e-con e-child\" data-id=\"581fa00\" data-element_type=\"container\" data-e-type=\"container\">\n\t\t\t\t<div class=\"elementor-element elementor-element-64fcdf2 elementor-align-justify elementor-mobile-align-justify elementor-widget elementor-widget-button\" data-id=\"64fcdf2\" data-element_type=\"widget\" data-e-type=\"widget\" data-widget_type=\"button.default\">\n\t\t\t\t<div class=\"elementor-widget-container\">\n\t\t\t\t\t\t\t\t\t<div class=\"elementor-button-wrapper\">\n\t\t\t\t\t<a class=\"elementor-button elementor-button-link elementor-size-sm\" href=\"https:\/\/sjomagasinet.se\/wp-content\/uploads\/2025\/03\/Champagne-och-ostron.pdf\">\n\t\t\t\t\t\t<span class=\"elementor-button-content-wrapper\">\n\t\t\t\t\t\t\t\t\t<span class=\"elementor-button-text\">See menu<\/span>\n\t\t\t\t\t<\/span>\n\t\t\t\t\t<\/a>\n\t\t\t\t<\/div>\n\t\t\t\t\t\t\t\t<\/div>\n\t\t\t\t<\/div>\n\t\t\t\t<div class=\"elementor-element elementor-element-99adaa4 elementor-align-justify elementor-mobile-align-justify elementor-widget elementor-widget-button\" data-id=\"99adaa4\" data-element_type=\"widget\" data-e-type=\"widget\" data-widget_type=\"button.default\">\n\t\t\t\t<div class=\"elementor-widget-container\">\n\t\t\t\t\t\t\t\t\t<div class=\"elementor-button-wrapper\">\n\t\t\t\t\t<a class=\"elementor-button elementor-button-link elementor-size-sm\" href=\"https:\/\/sjomagasinet.se\/en\/boka-bord\/\">\n\t\t\t\t\t\t<span class=\"elementor-button-content-wrapper\">\n\t\t\t\t\t\t\t\t\t<span class=\"elementor-button-text\">Book a table<\/span>\n\t\t\t\t\t<\/span>\n\t\t\t\t\t<\/a>\n\t\t\t\t<\/div>\n\t\t\t\t\t\t\t\t<\/div>\n\t\t\t\t<\/div>\n\t\t\t\t<\/div>\n\t\t\t\t<\/div>\n\t\t\t\t\t<\/div>\n\t\t\t\t<\/div>\n\t\t\t\t<\/div>","protected":false},"excerpt":{"rendered":"<p>En exklusiv afton p\u00e5 Sj\u00f6magasinet (29 april) Vi har gl\u00e4djen att bjuda in dig till en of\u00f6rgl\u00f6mlig kv\u00e4ll d\u00e4r gastronomi och hantverk m\u00f6ts i en uts\u00f6kt symfoni av smaker. Datum: 29 april Tid: 18.00 Plats: Sj\u00f6magasinet Kv\u00e4llen bjuder p\u00e5 en femr\u00e4tters meny, noggrant komponerad f\u00f6r att ackompanjera de eleganta champagnerna fr\u00e5n Nicolas Feuillatte. H\u00f6jdpunkter: Lotta [&hellip;]<\/p>\n","protected":false},"author":1,"featured_media":4901,"parent":4903,"menu_order":0,"comment_status":"closed","ping_status":"closed","template":"","meta":{"footnotes":""},"class_list":["post-4911","page","type-page","status-publish","has-post-thumbnail","hentry"],"yoast_head":"<!-- This site is optimized with the Yoast SEO plugin v27.5 - https:\/\/yoast.com\/product\/yoast-seo-wordpress\/ -->\n<title>En exklusiv afton p\u00e5 Sj\u00f6magasinet (29 april) | Sj\u00f6magasinet<\/title>\n<meta name=\"description\" content=\"Vi har gl\u00e4djen att bjuda in dig till en of\u00f6rgl\u00f6mlig kv\u00e4ll d\u00e4r gastronomi och hantverk m\u00f6ts i en uts\u00f6kt symfoni av smaker.\" \/>\n<meta name=\"robots\" content=\"index, follow, max-snippet:-1, max-image-preview:large, max-video-preview:-1\" \/>\n<link rel=\"canonical\" href=\"https:\/\/sjomagasinet.se\/en\/events\/en-exklusiv-afton-pa-sjomagasinet-29-april\/\" \/>\n<meta property=\"og:locale\" content=\"en_GB\" \/>\n<meta property=\"og:type\" content=\"article\" \/>\n<meta property=\"og:title\" content=\"En exklusiv afton p\u00e5 Sj\u00f6magasinet (29 april) | Sj\u00f6magasinet\" \/>\n<meta property=\"og:description\" content=\"Vi har gl\u00e4djen att bjuda in dig till en of\u00f6rgl\u00f6mlig kv\u00e4ll d\u00e4r gastronomi och hantverk m\u00f6ts i en uts\u00f6kt symfoni av smaker.\" \/>\n<meta property=\"og:url\" content=\"https:\/\/sjomagasinet.se\/en\/events\/en-exklusiv-afton-pa-sjomagasinet-29-april\/\" \/>\n<meta property=\"og:site_name\" content=\"Sj\u00f6magasinet\" \/>\n<meta property=\"article:publisher\" content=\"https:\/\/www.facebook.com\/sjomagasinetgbg\" \/>\n<meta property=\"article:modified_time\" content=\"2025-03-14T10:09:55+00:00\" \/>\n<meta property=\"og:image\" content=\"https:\/\/sjomagasinet.se\/wp-content\/uploads\/2025\/03\/processed-9A878C4E-237D-4BD4-B931-066EDC3E7E9F.jpeg\" \/>\n\t<meta property=\"og:image:width\" content=\"1200\" \/>\n\t<meta property=\"og:image:height\" content=\"900\" \/>\n\t<meta property=\"og:image:type\" content=\"image\/jpeg\" \/>\n<meta name=\"twitter:card\" content=\"summary_large_image\" \/>\n<meta name=\"twitter:label1\" content=\"Estimated reading time\" \/>\n\t<meta name=\"twitter:data1\" content=\"1 minute\" \/>\n<script type=\"application\/ld+json\" class=\"yoast-schema-graph\">{\"@context\":\"https:\\\/\\\/schema.org\",\"@graph\":[{\"@type\":\"WebPage\",\"@id\":\"https:\\\/\\\/sjomagasinet.se\\\/events\\\/en-exklusiv-afton-pa-sjomagasinet-29-april\\\/\",\"url\":\"https:\\\/\\\/sjomagasinet.se\\\/events\\\/en-exklusiv-afton-pa-sjomagasinet-29-april\\\/\",\"name\":\"En exklusiv afton p\u00e5 Sj\u00f6magasinet (29 april) | Sj\u00f6magasinet\",\"isPartOf\":{\"@id\":\"https:\\\/\\\/sjomagasinet.se\\\/#website\"},\"primaryImageOfPage\":{\"@id\":\"https:\\\/\\\/sjomagasinet.se\\\/events\\\/en-exklusiv-afton-pa-sjomagasinet-29-april\\\/#primaryimage\"},\"image\":{\"@id\":\"https:\\\/\\\/sjomagasinet.se\\\/events\\\/en-exklusiv-afton-pa-sjomagasinet-29-april\\\/#primaryimage\"},\"thumbnailUrl\":\"https:\\\/\\\/sjomagasinet.se\\\/wp-content\\\/uploads\\\/2025\\\/03\\\/processed-9A878C4E-237D-4BD4-B931-066EDC3E7E9F.jpeg\",\"datePublished\":\"2025-03-14T09:39:47+00:00\",\"dateModified\":\"2025-03-14T10:09:55+00:00\",\"description\":\"Vi har gl\u00e4djen att bjuda in dig till en of\u00f6rgl\u00f6mlig kv\u00e4ll d\u00e4r gastronomi och hantverk m\u00f6ts i en uts\u00f6kt symfoni av smaker.\",\"breadcrumb\":{\"@id\":\"https:\\\/\\\/sjomagasinet.se\\\/events\\\/en-exklusiv-afton-pa-sjomagasinet-29-april\\\/#breadcrumb\"},\"inLanguage\":\"en-GB\",\"potentialAction\":[{\"@type\":\"ReadAction\",\"target\":[\"https:\\\/\\\/sjomagasinet.se\\\/events\\\/en-exklusiv-afton-pa-sjomagasinet-29-april\\\/\"]}]},{\"@type\":\"ImageObject\",\"inLanguage\":\"en-GB\",\"@id\":\"https:\\\/\\\/sjomagasinet.se\\\/events\\\/en-exklusiv-afton-pa-sjomagasinet-29-april\\\/#primaryimage\",\"url\":\"https:\\\/\\\/sjomagasinet.se\\\/wp-content\\\/uploads\\\/2025\\\/03\\\/processed-9A878C4E-237D-4BD4-B931-066EDC3E7E9F.jpeg\",\"contentUrl\":\"https:\\\/\\\/sjomagasinet.se\\\/wp-content\\\/uploads\\\/2025\\\/03\\\/processed-9A878C4E-237D-4BD4-B931-066EDC3E7E9F.jpeg\",\"width\":1200,\"height\":900},{\"@type\":\"BreadcrumbList\",\"@id\":\"https:\\\/\\\/sjomagasinet.se\\\/events\\\/en-exklusiv-afton-pa-sjomagasinet-29-april\\\/#breadcrumb\",\"itemListElement\":[{\"@type\":\"ListItem\",\"position\":1,\"name\":\"Hem\",\"item\":\"https:\\\/\\\/sjomagasinet.se\\\/\"},{\"@type\":\"ListItem\",\"position\":2,\"name\":\"Events\",\"item\":\"https:\\\/\\\/sjomagasinet.se\\\/events\\\/\"},{\"@type\":\"ListItem\",\"position\":3,\"name\":\"En exklusiv afton p\u00e5 Sj\u00f6magasinet (29 april)\"}]},{\"@type\":\"WebSite\",\"@id\":\"https:\\\/\\\/sjomagasinet.se\\\/#website\",\"url\":\"https:\\\/\\\/sjomagasinet.se\\\/\",\"name\":\"Sj\u00f6magasinet\",\"description\":\"Restaurang med passion f\u00f6r fisk och skaldjur\",\"publisher\":{\"@id\":\"https:\\\/\\\/sjomagasinet.se\\\/#organization\"},\"potentialAction\":[{\"@type\":\"SearchAction\",\"target\":{\"@type\":\"EntryPoint\",\"urlTemplate\":\"https:\\\/\\\/sjomagasinet.se\\\/?s={search_term_string}\"},\"query-input\":{\"@type\":\"PropertyValueSpecification\",\"valueRequired\":true,\"valueName\":\"search_term_string\"}}],\"inLanguage\":\"en-GB\"},{\"@type\":[\"Organization\",\"Place\"],\"@id\":\"https:\\\/\\\/sjomagasinet.se\\\/#organization\",\"name\":\"Sj\u00f6magasinet\",\"url\":\"https:\\\/\\\/sjomagasinet.se\\\/\",\"logo\":{\"@id\":\"https:\\\/\\\/sjomagasinet.se\\\/events\\\/en-exklusiv-afton-pa-sjomagasinet-29-april\\\/#local-main-organization-logo\"},\"image\":{\"@id\":\"https:\\\/\\\/sjomagasinet.se\\\/events\\\/en-exklusiv-afton-pa-sjomagasinet-29-april\\\/#local-main-organization-logo\"},\"sameAs\":[\"https:\\\/\\\/www.facebook.com\\\/sjomagasinetgbg\",\"https:\\\/\\\/www.instagram.com\\\/sjomagasinet\\\/\",\"https:\\\/\\\/sv.wikipedia.org\\\/wiki\\\/Sj\u00f6magasinet\"],\"address\":{\"@id\":\"https:\\\/\\\/sjomagasinet.se\\\/events\\\/en-exklusiv-afton-pa-sjomagasinet-29-april\\\/#local-main-place-address\"},\"telephone\":[\"031-775 59 20\"],\"openingHoursSpecification\":[{\"@type\":\"OpeningHoursSpecification\",\"dayOfWeek\":[\"Monday\",\"Tuesday\",\"Wednesday\",\"Thursday\",\"Friday\",\"Saturday\",\"Sunday\"],\"opens\":\"11:30\",\"closes\":\"23:00\"}],\"email\":\"info@sjomagasinet.se\",\"areaServed\":\"Sverige\",\"vatID\":\"559227-1836\"},{\"@type\":\"PostalAddress\",\"@id\":\"https:\\\/\\\/sjomagasinet.se\\\/events\\\/en-exklusiv-afton-pa-sjomagasinet-29-april\\\/#local-main-place-address\",\"streetAddress\":\"Adolf Edelsv\u00e4rds gata 5\",\"addressLocality\":\"G\u00f6teborg\",\"postalCode\":\"41451\",\"addressCountry\":\"SE\"},{\"@type\":\"ImageObject\",\"inLanguage\":\"en-GB\",\"@id\":\"https:\\\/\\\/sjomagasinet.se\\\/events\\\/en-exklusiv-afton-pa-sjomagasinet-29-april\\\/#local-main-organization-logo\",\"url\":\"https:\\\/\\\/sjomagasinet.se\\\/wp-content\\\/uploads\\\/2022\\\/04\\\/logo-wc.png\",\"contentUrl\":\"https:\\\/\\\/sjomagasinet.se\\\/wp-content\\\/uploads\\\/2022\\\/04\\\/logo-wc.png\",\"width\":341,\"height\":117,\"caption\":\"Sj\u00f6magasinet\"}]}<\/script>\n<meta name=\"geo.placename\" content=\"G\u00f6teborg\" \/>\n<meta name=\"geo.region\" content=\"Sweden\" \/>\n<!-- \/ Yoast SEO plugin. -->","yoast_head_json":{"title":"En exklusiv afton p\u00e5 Sj\u00f6magasinet (29 april) | Sj\u00f6magasinet","description":"Vi har gl\u00e4djen att bjuda in dig till en of\u00f6rgl\u00f6mlig kv\u00e4ll d\u00e4r gastronomi och hantverk m\u00f6ts i en uts\u00f6kt symfoni av smaker.","robots":{"index":"index","follow":"follow","max-snippet":"max-snippet:-1","max-image-preview":"max-image-preview:large","max-video-preview":"max-video-preview:-1"},"canonical":"https:\/\/sjomagasinet.se\/en\/events\/en-exklusiv-afton-pa-sjomagasinet-29-april\/","og_locale":"en_GB","og_type":"article","og_title":"En exklusiv afton p\u00e5 Sj\u00f6magasinet (29 april) | Sj\u00f6magasinet","og_description":"Vi har gl\u00e4djen att bjuda in dig till en of\u00f6rgl\u00f6mlig kv\u00e4ll d\u00e4r gastronomi och hantverk m\u00f6ts i en uts\u00f6kt symfoni av smaker.","og_url":"https:\/\/sjomagasinet.se\/en\/events\/en-exklusiv-afton-pa-sjomagasinet-29-april\/","og_site_name":"Sj\u00f6magasinet","article_publisher":"https:\/\/www.facebook.com\/sjomagasinetgbg","article_modified_time":"2025-03-14T10:09:55+00:00","og_image":[{"width":1200,"height":900,"url":"https:\/\/sjomagasinet.se\/wp-content\/uploads\/2025\/03\/processed-9A878C4E-237D-4BD4-B931-066EDC3E7E9F.jpeg","type":"image\/jpeg"}],"twitter_card":"summary_large_image","twitter_misc":{"Estimated reading time":"1 minute"},"schema":{"@context":"https:\/\/schema.org","@graph":[{"@type":"WebPage","@id":"https:\/\/sjomagasinet.se\/events\/en-exklusiv-afton-pa-sjomagasinet-29-april\/","url":"https:\/\/sjomagasinet.se\/events\/en-exklusiv-afton-pa-sjomagasinet-29-april\/","name":"En exklusiv afton p\u00e5 Sj\u00f6magasinet (29 april) | Sj\u00f6magasinet","isPartOf":{"@id":"https:\/\/sjomagasinet.se\/#website"},"primaryImageOfPage":{"@id":"https:\/\/sjomagasinet.se\/events\/en-exklusiv-afton-pa-sjomagasinet-29-april\/#primaryimage"},"image":{"@id":"https:\/\/sjomagasinet.se\/events\/en-exklusiv-afton-pa-sjomagasinet-29-april\/#primaryimage"},"thumbnailUrl":"https:\/\/sjomagasinet.se\/wp-content\/uploads\/2025\/03\/processed-9A878C4E-237D-4BD4-B931-066EDC3E7E9F.jpeg","datePublished":"2025-03-14T09:39:47+00:00","dateModified":"2025-03-14T10:09:55+00:00","description":"Vi har gl\u00e4djen att bjuda in dig till en of\u00f6rgl\u00f6mlig kv\u00e4ll d\u00e4r gastronomi och hantverk m\u00f6ts i en uts\u00f6kt symfoni av smaker.","breadcrumb":{"@id":"https:\/\/sjomagasinet.se\/events\/en-exklusiv-afton-pa-sjomagasinet-29-april\/#breadcrumb"},"inLanguage":"en-GB","potentialAction":[{"@type":"ReadAction","target":["https:\/\/sjomagasinet.se\/events\/en-exklusiv-afton-pa-sjomagasinet-29-april\/"]}]},{"@type":"ImageObject","inLanguage":"en-GB","@id":"https:\/\/sjomagasinet.se\/events\/en-exklusiv-afton-pa-sjomagasinet-29-april\/#primaryimage","url":"https:\/\/sjomagasinet.se\/wp-content\/uploads\/2025\/03\/processed-9A878C4E-237D-4BD4-B931-066EDC3E7E9F.jpeg","contentUrl":"https:\/\/sjomagasinet.se\/wp-content\/uploads\/2025\/03\/processed-9A878C4E-237D-4BD4-B931-066EDC3E7E9F.jpeg","width":1200,"height":900},{"@type":"BreadcrumbList","@id":"https:\/\/sjomagasinet.se\/events\/en-exklusiv-afton-pa-sjomagasinet-29-april\/#breadcrumb","itemListElement":[{"@type":"ListItem","position":1,"name":"Hem","item":"https:\/\/sjomagasinet.se\/"},{"@type":"ListItem","position":2,"name":"Events","item":"https:\/\/sjomagasinet.se\/events\/"},{"@type":"ListItem","position":3,"name":"En exklusiv afton p\u00e5 Sj\u00f6magasinet (29 april)"}]},{"@type":"WebSite","@id":"https:\/\/sjomagasinet.se\/#website","url":"https:\/\/sjomagasinet.se\/","name":"Sj\u00f6magasinet","description":"Restaurang med passion f\u00f6r fisk och skaldjur","publisher":{"@id":"https:\/\/sjomagasinet.se\/#organization"},"potentialAction":[{"@type":"SearchAction","target":{"@type":"EntryPoint","urlTemplate":"https:\/\/sjomagasinet.se\/?s={search_term_string}"},"query-input":{"@type":"PropertyValueSpecification","valueRequired":true,"valueName":"search_term_string"}}],"inLanguage":"en-GB"},{"@type":["Organization","Place"],"@id":"https:\/\/sjomagasinet.se\/#organization","name":"Sj\u00f6magasinet","url":"https:\/\/sjomagasinet.se\/","logo":{"@id":"https:\/\/sjomagasinet.se\/events\/en-exklusiv-afton-pa-sjomagasinet-29-april\/#local-main-organization-logo"},"image":{"@id":"https:\/\/sjomagasinet.se\/events\/en-exklusiv-afton-pa-sjomagasinet-29-april\/#local-main-organization-logo"},"sameAs":["https:\/\/www.facebook.com\/sjomagasinetgbg","https:\/\/www.instagram.com\/sjomagasinet\/","https:\/\/sv.wikipedia.org\/wiki\/Sj\u00f6magasinet"],"address":{"@id":"https:\/\/sjomagasinet.se\/events\/en-exklusiv-afton-pa-sjomagasinet-29-april\/#local-main-place-address"},"telephone":["031-775 59 20"],"openingHoursSpecification":[{"@type":"OpeningHoursSpecification","dayOfWeek":["Monday","Tuesday","Wednesday","Thursday","Friday","Saturday","Sunday"],"opens":"11:30","closes":"23:00"}],"email":"info@sjomagasinet.se","areaServed":"Sverige","vatID":"559227-1836"},{"@type":"PostalAddress","@id":"https:\/\/sjomagasinet.se\/events\/en-exklusiv-afton-pa-sjomagasinet-29-april\/#local-main-place-address","streetAddress":"Adolf Edelsv\u00e4rds gata 5","addressLocality":"G\u00f6teborg","postalCode":"41451","addressCountry":"SE"},{"@type":"ImageObject","inLanguage":"en-GB","@id":"https:\/\/sjomagasinet.se\/events\/en-exklusiv-afton-pa-sjomagasinet-29-april\/#local-main-organization-logo","url":"https:\/\/sjomagasinet.se\/wp-content\/uploads\/2022\/04\/logo-wc.png","contentUrl":"https:\/\/sjomagasinet.se\/wp-content\/uploads\/2022\/04\/logo-wc.png","width":341,"height":117,"caption":"Sj\u00f6magasinet"}]},"geo.placename":"G\u00f6teborg","geo.region":"Sweden"},"_links":{"self":[{"href":"https:\/\/sjomagasinet.se\/en\/wp-json\/wp\/v2\/pages\/4911","targetHints":{"allow":["GET"]}}],"collection":[{"href":"https:\/\/sjomagasinet.se\/en\/wp-json\/wp\/v2\/pages"}],"about":[{"href":"https:\/\/sjomagasinet.se\/en\/wp-json\/wp\/v2\/types\/page"}],"author":[{"embeddable":true,"href":"https:\/\/sjomagasinet.se\/en\/wp-json\/wp\/v2\/users\/1"}],"replies":[{"embeddable":true,"href":"https:\/\/sjomagasinet.se\/en\/wp-json\/wp\/v2\/comments?post=4911"}],"version-history":[{"count":13,"href":"https:\/\/sjomagasinet.se\/en\/wp-json\/wp\/v2\/pages\/4911\/revisions"}],"predecessor-version":[{"id":4929,"href":"https:\/\/sjomagasinet.se\/en\/wp-json\/wp\/v2\/pages\/4911\/revisions\/4929"}],"up":[{"embeddable":true,"href":"https:\/\/sjomagasinet.se\/en\/wp-json\/wp\/v2\/pages\/4903"}],"wp:featuredmedia":[{"embeddable":true,"href":"https:\/\/sjomagasinet.se\/en\/wp-json\/wp\/v2\/media\/4901"}],"wp:attachment":[{"href":"https:\/\/sjomagasinet.se\/en\/wp-json\/wp\/v2\/media?parent=4911"}],"curies":[{"name":"wp","href":"https:\/\/api.w.org\/{rel}","templated":true}]}}