{"id":3275,"date":"2023-03-22T14:25:18","date_gmt":"2023-03-22T13:25:18","guid":{"rendered":"https:\/\/sjomagasinet.se\/?page_id=3275"},"modified":"2023-03-22T14:47:18","modified_gmt":"2023-03-22T13:47:18","slug":"jobba-pa-sjomagasinet","status":"publish","type":"page","link":"https:\/\/sjomagasinet.se\/en\/jobba-pa-sjomagasinet\/","title":{"rendered":"Jobba p\u00e5 Sj\u00f6magasinet"},"content":{"rendered":"<div data-elementor-type=\"wp-page\" data-elementor-id=\"3275\" class=\"elementor elementor-3275\" data-elementor-post-type=\"page\">\n\t\t\t\t\t\t<section class=\"elementor-section elementor-top-section elementor-element elementor-element-7d11f87a elementor-section-content-middle elementor-reverse-mobile elementor-section-boxed elementor-section-height-default elementor-section-height-default\" data-id=\"7d11f87a\" data-element_type=\"section\" data-e-type=\"section\" data-settings=\"{&quot;background_background&quot;:&quot;classic&quot;}\">\n\t\t\t\t\t\t<div class=\"elementor-container elementor-column-gap-default\">\n\t\t\t\t\t<div class=\"elementor-column elementor-col-100 elementor-top-column elementor-element elementor-element-596bd29f elementor-sm-100\" data-id=\"596bd29f\" data-element_type=\"column\" data-e-type=\"column\" data-settings=\"{&quot;background_background&quot;:&quot;classic&quot;}\">\n\t\t\t<div class=\"elementor-widget-wrap elementor-element-populated\">\n\t\t\t\t\t\t<section class=\"elementor-section elementor-inner-section elementor-element elementor-element-20de7b9b elementor-section-boxed elementor-section-height-default elementor-section-height-default\" data-id=\"20de7b9b\" data-element_type=\"section\" data-e-type=\"section\">\n\t\t\t\t\t\t<div class=\"elementor-container elementor-column-gap-default\">\n\t\t\t\t\t<div class=\"elementor-column elementor-col-100 elementor-inner-column elementor-element elementor-element-4992c243\" data-id=\"4992c243\" data-element_type=\"column\" data-e-type=\"column\">\n\t\t\t<div class=\"elementor-widget-wrap elementor-element-populated\">\n\t\t\t\t\t\t<div class=\"elementor-element elementor-element-229fa9ca elementor-widget elementor-widget-image\" data-id=\"229fa9ca\" data-element_type=\"widget\" data-e-type=\"widget\" data-widget_type=\"image.default\">\n\t\t\t\t<div class=\"elementor-widget-container\">\n\t\t\t\t\t\t\t\t\t\t\t\t\t\t\t<img fetchpriority=\"high\" decoding=\"async\" width=\"800\" height=\"254\" src=\"https:\/\/sjomagasinet.se\/wp-content\/uploads\/2022\/01\/Frontpage2_8000x2540-scaled-1-1024x325.jpeg\" class=\"attachment-large size-large wp-image-574\" alt=\"\" srcset=\"https:\/\/sjomagasinet.se\/wp-content\/uploads\/2022\/01\/Frontpage2_8000x2540-scaled-1-1024x325.jpeg 1024w, https:\/\/sjomagasinet.se\/wp-content\/uploads\/2022\/01\/Frontpage2_8000x2540-scaled-1-600x191.jpeg 600w, https:\/\/sjomagasinet.se\/wp-content\/uploads\/2022\/01\/Frontpage2_8000x2540-scaled-1-300x95.jpeg 300w, https:\/\/sjomagasinet.se\/wp-content\/uploads\/2022\/01\/Frontpage2_8000x2540-scaled-1-768x244.jpeg 768w, https:\/\/sjomagasinet.se\/wp-content\/uploads\/2022\/01\/Frontpage2_8000x2540-scaled-1-1536x488.jpeg 1536w, https:\/\/sjomagasinet.se\/wp-content\/uploads\/2022\/01\/Frontpage2_8000x2540-scaled-1-2048x650.jpeg 2048w\" sizes=\"(max-width: 800px) 100vw, 800px\" \/>\t\t\t\t\t\t\t\t\t\t\t\t\t\t\t<\/div>\n\t\t\t\t<\/div>\n\t\t\t\t<div class=\"elementor-element elementor-element-4b58ae22 elementor-widget elementor-widget-heading\" data-id=\"4b58ae22\" data-element_type=\"widget\" data-e-type=\"widget\" data-widget_type=\"heading.default\">\n\t\t\t\t<div class=\"elementor-widget-container\">\n\t\t\t\t\t<h1 class=\"elementor-heading-title elementor-size-default\">Jobba p\u00e5 Sj\u00f6magasinet<\/h1>\t\t\t\t<\/div>\n\t\t\t\t<\/div>\n\t\t\t\t<div class=\"elementor-element elementor-element-58463328 elementor-widget-divider--view-line elementor-widget elementor-widget-divider\" data-id=\"58463328\" data-element_type=\"widget\" data-e-type=\"widget\" data-widget_type=\"divider.default\">\n\t\t\t\t<div class=\"elementor-widget-container\">\n\t\t\t\t\t\t\t<div class=\"elementor-divider\">\n\t\t\t<span class=\"elementor-divider-separator\">\n\t\t\t\t\t\t<\/span>\n\t\t<\/div>\n\t\t\t\t\t\t<\/div>\n\t\t\t\t<\/div>\n\t\t\t\t<div class=\"elementor-element elementor-element-3cbb6e5e elementor-widget elementor-widget-text-editor\" data-id=\"3cbb6e5e\" data-element_type=\"widget\" data-e-type=\"widget\" data-widget_type=\"text-editor.default\">\n\t\t\t\t<div class=\"elementor-widget-container\">\n\t\t\t\t\t\t\t\t\t<p>Vi s\u00f6ker alltid efter passionerade och engagerade medarbetare som vill vara en del av v\u00e5rt team. Som en av G\u00f6teborgs mest anrika restauranger med fokus p\u00e5 havets l\u00e4ckerheter, kan vi erbjuda en sp\u00e4nnande och l\u00e4rorik arbetsplats.<br><br><\/p>\n<p><\/p>\n<p>Vi s\u00f6ker st\u00e4ndigt efter kockar, servit\u00f6rer och andra medarbetare som delar v\u00e5r passion f\u00f6r god mat och utm\u00e4rkt service.&nbsp;<\/p>\n<p><\/p>\n<p><br>Om du vill vara en del av v\u00e5rt team p\u00e5 Sj\u00f6magasinet och har minst fem \u00e5rs erfarenhet inom restaurangbranschen, skicka in din ans\u00f6kan idag till <u><b>info@sjomagasinet.se<\/b><\/u> och ber\u00e4tta mer om dig sj\u00e4lv och dina erfarenheter!<\/p>\t\t\t\t\t\t\t\t<\/div>\n\t\t\t\t<\/div>\n\t\t\t\t<div class=\"elementor-element elementor-element-41f732e7 elementor-widget-divider--view-line elementor-widget elementor-widget-divider\" data-id=\"41f732e7\" data-element_type=\"widget\" data-e-type=\"widget\" data-widget_type=\"divider.default\">\n\t\t\t\t<div class=\"elementor-widget-container\">\n\t\t\t\t\t\t\t<div class=\"elementor-divider\">\n\t\t\t<span class=\"elementor-divider-separator\">\n\t\t\t\t\t\t<\/span>\n\t\t<\/div>\n\t\t\t\t\t\t<\/div>\n\t\t\t\t<\/div>\n\t\t\t\t\t<\/div>\n\t\t<\/div>\n\t\t\t\t\t<\/div>\n\t\t<\/section>\n\t\t\t\t\t<\/div>\n\t\t<\/div>\n\t\t\t\t\t<\/div>\n\t\t<\/section>\n\t\t\t\t<\/div>","protected":false},"excerpt":{"rendered":"<p>Jobba p\u00e5 Sj\u00f6magasinet Vi s\u00f6ker alltid efter passionerade och engagerade medarbetare som vill vara en del av v\u00e5rt team. Som en av G\u00f6teborgs mest anrika restauranger med fokus p\u00e5 havets l\u00e4ckerheter, kan vi erbjuda en sp\u00e4nnande och l\u00e4rorik arbetsplats. Vi s\u00f6ker st\u00e4ndigt efter kockar, servit\u00f6rer och andra medarbetare som delar v\u00e5r passion f\u00f6r god mat [&hellip;]<\/p>\n","protected":false},"author":1,"featured_media":0,"parent":0,"menu_order":0,"comment_status":"closed","ping_status":"closed","template":"","meta":{"footnotes":""},"class_list":["post-3275","page","type-page","status-publish","hentry"],"yoast_head":"<!-- This site is optimized with the Yoast SEO plugin v27.4 - https:\/\/yoast.com\/product\/yoast-seo-wordpress\/ -->\n<title>Jobba p\u00e5 Sj\u00f6magasinet | Sj\u00f6magasinet<\/title>\n<meta name=\"robots\" content=\"index, follow, max-snippet:-1, max-image-preview:large, max-video-preview:-1\" \/>\n<link rel=\"canonical\" href=\"https:\/\/sjomagasinet.se\/en\/jobba-pa-sjomagasinet\/\" \/>\n<meta property=\"og:locale\" content=\"en_GB\" \/>\n<meta property=\"og:type\" content=\"article\" \/>\n<meta property=\"og:title\" content=\"Jobba p\u00e5 Sj\u00f6magasinet | Sj\u00f6magasinet\" \/>\n<meta property=\"og:description\" content=\"Jobba p\u00e5 Sj\u00f6magasinet Vi s\u00f6ker alltid efter passionerade och engagerade medarbetare som vill vara en del av v\u00e5rt team. Som en av G\u00f6teborgs mest anrika restauranger med fokus p\u00e5 havets l\u00e4ckerheter, kan vi erbjuda en sp\u00e4nnande och l\u00e4rorik arbetsplats. Vi s\u00f6ker st\u00e4ndigt efter kockar, servit\u00f6rer och andra medarbetare som delar v\u00e5r passion f\u00f6r god mat [&hellip;]\" \/>\n<meta property=\"og:url\" content=\"https:\/\/sjomagasinet.se\/en\/jobba-pa-sjomagasinet\/\" \/>\n<meta property=\"og:site_name\" content=\"Sj\u00f6magasinet\" \/>\n<meta property=\"article:publisher\" content=\"https:\/\/www.facebook.com\/sjomagasinetgbg\" \/>\n<meta property=\"article:modified_time\" content=\"2023-03-22T13:47:18+00:00\" \/>\n<meta property=\"og:image\" content=\"https:\/\/sjomagasinet.se\/wp-content\/uploads\/2022\/01\/Frontpage2_8000x2540-scaled-1-1024x325.jpeg\" \/>\n<meta name=\"twitter:card\" content=\"summary_large_image\" \/>\n<meta name=\"twitter:label1\" content=\"Estimated reading time\" \/>\n\t<meta name=\"twitter:data1\" content=\"1 minute\" \/>\n<script type=\"application\/ld+json\" class=\"yoast-schema-graph\">{\"@context\":\"https:\\\/\\\/schema.org\",\"@graph\":[{\"@type\":\"WebPage\",\"@id\":\"https:\\\/\\\/sjomagasinet.se\\\/jobba-pa-sjomagasinet\\\/\",\"url\":\"https:\\\/\\\/sjomagasinet.se\\\/jobba-pa-sjomagasinet\\\/\",\"name\":\"Jobba p\u00e5 Sj\u00f6magasinet | Sj\u00f6magasinet\",\"isPartOf\":{\"@id\":\"https:\\\/\\\/sjomagasinet.se\\\/#website\"},\"primaryImageOfPage\":{\"@id\":\"https:\\\/\\\/sjomagasinet.se\\\/jobba-pa-sjomagasinet\\\/#primaryimage\"},\"image\":{\"@id\":\"https:\\\/\\\/sjomagasinet.se\\\/jobba-pa-sjomagasinet\\\/#primaryimage\"},\"thumbnailUrl\":\"https:\\\/\\\/sjomagasinet.se\\\/wp-content\\\/uploads\\\/2022\\\/01\\\/Frontpage2_8000x2540-scaled-1-1024x325.jpeg\",\"datePublished\":\"2023-03-22T13:25:18+00:00\",\"dateModified\":\"2023-03-22T13:47:18+00:00\",\"breadcrumb\":{\"@id\":\"https:\\\/\\\/sjomagasinet.se\\\/jobba-pa-sjomagasinet\\\/#breadcrumb\"},\"inLanguage\":\"en-GB\",\"potentialAction\":[{\"@type\":\"ReadAction\",\"target\":[\"https:\\\/\\\/sjomagasinet.se\\\/jobba-pa-sjomagasinet\\\/\"]}]},{\"@type\":\"ImageObject\",\"inLanguage\":\"en-GB\",\"@id\":\"https:\\\/\\\/sjomagasinet.se\\\/jobba-pa-sjomagasinet\\\/#primaryimage\",\"url\":\"https:\\\/\\\/sjomagasinet.se\\\/wp-content\\\/uploads\\\/2022\\\/01\\\/Frontpage2_8000x2540-scaled-1-1024x325.jpeg\",\"contentUrl\":\"https:\\\/\\\/sjomagasinet.se\\\/wp-content\\\/uploads\\\/2022\\\/01\\\/Frontpage2_8000x2540-scaled-1-1024x325.jpeg\"},{\"@type\":\"BreadcrumbList\",\"@id\":\"https:\\\/\\\/sjomagasinet.se\\\/jobba-pa-sjomagasinet\\\/#breadcrumb\",\"itemListElement\":[{\"@type\":\"ListItem\",\"position\":1,\"name\":\"Hem\",\"item\":\"https:\\\/\\\/sjomagasinet.se\\\/\"},{\"@type\":\"ListItem\",\"position\":2,\"name\":\"Jobba p\u00e5 Sj\u00f6magasinet\"}]},{\"@type\":\"WebSite\",\"@id\":\"https:\\\/\\\/sjomagasinet.se\\\/#website\",\"url\":\"https:\\\/\\\/sjomagasinet.se\\\/\",\"name\":\"Sj\u00f6magasinet\",\"description\":\"Restaurang med passion f\u00f6r fisk och skaldjur\",\"publisher\":{\"@id\":\"https:\\\/\\\/sjomagasinet.se\\\/#organization\"},\"potentialAction\":[{\"@type\":\"SearchAction\",\"target\":{\"@type\":\"EntryPoint\",\"urlTemplate\":\"https:\\\/\\\/sjomagasinet.se\\\/?s={search_term_string}\"},\"query-input\":{\"@type\":\"PropertyValueSpecification\",\"valueRequired\":true,\"valueName\":\"search_term_string\"}}],\"inLanguage\":\"en-GB\"},{\"@type\":[\"Organization\",\"Place\"],\"@id\":\"https:\\\/\\\/sjomagasinet.se\\\/#organization\",\"name\":\"Sj\u00f6magasinet\",\"url\":\"https:\\\/\\\/sjomagasinet.se\\\/\",\"logo\":{\"@id\":\"https:\\\/\\\/sjomagasinet.se\\\/jobba-pa-sjomagasinet\\\/#local-main-organization-logo\"},\"image\":{\"@id\":\"https:\\\/\\\/sjomagasinet.se\\\/jobba-pa-sjomagasinet\\\/#local-main-organization-logo\"},\"sameAs\":[\"https:\\\/\\\/www.facebook.com\\\/sjomagasinetgbg\",\"https:\\\/\\\/www.instagram.com\\\/sjomagasinet\\\/\",\"https:\\\/\\\/sv.wikipedia.org\\\/wiki\\\/Sj\u00f6magasinet\"],\"address\":{\"@id\":\"https:\\\/\\\/sjomagasinet.se\\\/jobba-pa-sjomagasinet\\\/#local-main-place-address\"},\"telephone\":[\"031-775 59 20\"],\"openingHoursSpecification\":[{\"@type\":\"OpeningHoursSpecification\",\"dayOfWeek\":[\"Monday\",\"Tuesday\",\"Wednesday\",\"Thursday\",\"Friday\",\"Saturday\",\"Sunday\"],\"opens\":\"11:30\",\"closes\":\"23:00\"}],\"email\":\"info@sjomagasinet.se\",\"areaServed\":\"Sverige\",\"vatID\":\"559227-1836\"},{\"@type\":\"PostalAddress\",\"@id\":\"https:\\\/\\\/sjomagasinet.se\\\/jobba-pa-sjomagasinet\\\/#local-main-place-address\",\"streetAddress\":\"Adolf Edelsv\u00e4rds gata 5\",\"addressLocality\":\"G\u00f6teborg\",\"postalCode\":\"41451\",\"addressCountry\":\"SE\"},{\"@type\":\"ImageObject\",\"inLanguage\":\"en-GB\",\"@id\":\"https:\\\/\\\/sjomagasinet.se\\\/jobba-pa-sjomagasinet\\\/#local-main-organization-logo\",\"url\":\"https:\\\/\\\/sjomagasinet.se\\\/wp-content\\\/uploads\\\/2022\\\/04\\\/logo-wc.png\",\"contentUrl\":\"https:\\\/\\\/sjomagasinet.se\\\/wp-content\\\/uploads\\\/2022\\\/04\\\/logo-wc.png\",\"width\":341,\"height\":117,\"caption\":\"Sj\u00f6magasinet\"}]}<\/script>\n<meta name=\"geo.placename\" content=\"G\u00f6teborg\" \/>\n<meta name=\"geo.region\" content=\"Sweden\" \/>\n<!-- \/ Yoast SEO plugin. -->","yoast_head_json":{"title":"Jobba p\u00e5 Sj\u00f6magasinet | Sj\u00f6magasinet","robots":{"index":"index","follow":"follow","max-snippet":"max-snippet:-1","max-image-preview":"max-image-preview:large","max-video-preview":"max-video-preview:-1"},"canonical":"https:\/\/sjomagasinet.se\/en\/jobba-pa-sjomagasinet\/","og_locale":"en_GB","og_type":"article","og_title":"Jobba p\u00e5 Sj\u00f6magasinet | Sj\u00f6magasinet","og_description":"Jobba p\u00e5 Sj\u00f6magasinet Vi s\u00f6ker alltid efter passionerade och engagerade medarbetare som vill vara en del av v\u00e5rt team. Som en av G\u00f6teborgs mest anrika restauranger med fokus p\u00e5 havets l\u00e4ckerheter, kan vi erbjuda en sp\u00e4nnande och l\u00e4rorik arbetsplats. Vi s\u00f6ker st\u00e4ndigt efter kockar, servit\u00f6rer och andra medarbetare som delar v\u00e5r passion f\u00f6r god mat [&hellip;]","og_url":"https:\/\/sjomagasinet.se\/en\/jobba-pa-sjomagasinet\/","og_site_name":"Sj\u00f6magasinet","article_publisher":"https:\/\/www.facebook.com\/sjomagasinetgbg","article_modified_time":"2023-03-22T13:47:18+00:00","og_image":[{"url":"https:\/\/sjomagasinet.se\/wp-content\/uploads\/2022\/01\/Frontpage2_8000x2540-scaled-1-1024x325.jpeg","type":"","width":"","height":""}],"twitter_card":"summary_large_image","twitter_misc":{"Estimated reading time":"1 minute"},"schema":{"@context":"https:\/\/schema.org","@graph":[{"@type":"WebPage","@id":"https:\/\/sjomagasinet.se\/jobba-pa-sjomagasinet\/","url":"https:\/\/sjomagasinet.se\/jobba-pa-sjomagasinet\/","name":"Jobba p\u00e5 Sj\u00f6magasinet | Sj\u00f6magasinet","isPartOf":{"@id":"https:\/\/sjomagasinet.se\/#website"},"primaryImageOfPage":{"@id":"https:\/\/sjomagasinet.se\/jobba-pa-sjomagasinet\/#primaryimage"},"image":{"@id":"https:\/\/sjomagasinet.se\/jobba-pa-sjomagasinet\/#primaryimage"},"thumbnailUrl":"https:\/\/sjomagasinet.se\/wp-content\/uploads\/2022\/01\/Frontpage2_8000x2540-scaled-1-1024x325.jpeg","datePublished":"2023-03-22T13:25:18+00:00","dateModified":"2023-03-22T13:47:18+00:00","breadcrumb":{"@id":"https:\/\/sjomagasinet.se\/jobba-pa-sjomagasinet\/#breadcrumb"},"inLanguage":"en-GB","potentialAction":[{"@type":"ReadAction","target":["https:\/\/sjomagasinet.se\/jobba-pa-sjomagasinet\/"]}]},{"@type":"ImageObject","inLanguage":"en-GB","@id":"https:\/\/sjomagasinet.se\/jobba-pa-sjomagasinet\/#primaryimage","url":"https:\/\/sjomagasinet.se\/wp-content\/uploads\/2022\/01\/Frontpage2_8000x2540-scaled-1-1024x325.jpeg","contentUrl":"https:\/\/sjomagasinet.se\/wp-content\/uploads\/2022\/01\/Frontpage2_8000x2540-scaled-1-1024x325.jpeg"},{"@type":"BreadcrumbList","@id":"https:\/\/sjomagasinet.se\/jobba-pa-sjomagasinet\/#breadcrumb","itemListElement":[{"@type":"ListItem","position":1,"name":"Hem","item":"https:\/\/sjomagasinet.se\/"},{"@type":"ListItem","position":2,"name":"Jobba p\u00e5 Sj\u00f6magasinet"}]},{"@type":"WebSite","@id":"https:\/\/sjomagasinet.se\/#website","url":"https:\/\/sjomagasinet.se\/","name":"Sj\u00f6magasinet","description":"Restaurang med passion f\u00f6r fisk och skaldjur","publisher":{"@id":"https:\/\/sjomagasinet.se\/#organization"},"potentialAction":[{"@type":"SearchAction","target":{"@type":"EntryPoint","urlTemplate":"https:\/\/sjomagasinet.se\/?s={search_term_string}"},"query-input":{"@type":"PropertyValueSpecification","valueRequired":true,"valueName":"search_term_string"}}],"inLanguage":"en-GB"},{"@type":["Organization","Place"],"@id":"https:\/\/sjomagasinet.se\/#organization","name":"Sj\u00f6magasinet","url":"https:\/\/sjomagasinet.se\/","logo":{"@id":"https:\/\/sjomagasinet.se\/jobba-pa-sjomagasinet\/#local-main-organization-logo"},"image":{"@id":"https:\/\/sjomagasinet.se\/jobba-pa-sjomagasinet\/#local-main-organization-logo"},"sameAs":["https:\/\/www.facebook.com\/sjomagasinetgbg","https:\/\/www.instagram.com\/sjomagasinet\/","https:\/\/sv.wikipedia.org\/wiki\/Sj\u00f6magasinet"],"address":{"@id":"https:\/\/sjomagasinet.se\/jobba-pa-sjomagasinet\/#local-main-place-address"},"telephone":["031-775 59 20"],"openingHoursSpecification":[{"@type":"OpeningHoursSpecification","dayOfWeek":["Monday","Tuesday","Wednesday","Thursday","Friday","Saturday","Sunday"],"opens":"11:30","closes":"23:00"}],"email":"info@sjomagasinet.se","areaServed":"Sverige","vatID":"559227-1836"},{"@type":"PostalAddress","@id":"https:\/\/sjomagasinet.se\/jobba-pa-sjomagasinet\/#local-main-place-address","streetAddress":"Adolf Edelsv\u00e4rds gata 5","addressLocality":"G\u00f6teborg","postalCode":"41451","addressCountry":"SE"},{"@type":"ImageObject","inLanguage":"en-GB","@id":"https:\/\/sjomagasinet.se\/jobba-pa-sjomagasinet\/#local-main-organization-logo","url":"https:\/\/sjomagasinet.se\/wp-content\/uploads\/2022\/04\/logo-wc.png","contentUrl":"https:\/\/sjomagasinet.se\/wp-content\/uploads\/2022\/04\/logo-wc.png","width":341,"height":117,"caption":"Sj\u00f6magasinet"}]},"geo.placename":"G\u00f6teborg","geo.region":"Sweden"},"_links":{"self":[{"href":"https:\/\/sjomagasinet.se\/en\/wp-json\/wp\/v2\/pages\/3275","targetHints":{"allow":["GET"]}}],"collection":[{"href":"https:\/\/sjomagasinet.se\/en\/wp-json\/wp\/v2\/pages"}],"about":[{"href":"https:\/\/sjomagasinet.se\/en\/wp-json\/wp\/v2\/types\/page"}],"author":[{"embeddable":true,"href":"https:\/\/sjomagasinet.se\/en\/wp-json\/wp\/v2\/users\/1"}],"replies":[{"embeddable":true,"href":"https:\/\/sjomagasinet.se\/en\/wp-json\/wp\/v2\/comments?post=3275"}],"version-history":[{"count":8,"href":"https:\/\/sjomagasinet.se\/en\/wp-json\/wp\/v2\/pages\/3275\/revisions"}],"predecessor-version":[{"id":3293,"href":"https:\/\/sjomagasinet.se\/en\/wp-json\/wp\/v2\/pages\/3275\/revisions\/3293"}],"wp:attachment":[{"href":"https:\/\/sjomagasinet.se\/en\/wp-json\/wp\/v2\/media?parent=3275"}],"curies":[{"name":"wp","href":"https:\/\/api.w.org\/{rel}","templated":true}]}}